{"id":5039,"date":"2022-10-30T03:57:05","date_gmt":"2022-10-30T07:57:05","guid":{"rendered":"https:\/\/amisun.biz\/cient\/vitalaxion\/fr\/?post_type=product&#038;p=5039"},"modified":"2026-03-18T05:54:06","modified_gmt":"2026-03-18T09:54:06","slug":"bain-ionique-vitalbody","status":"publish","type":"product","link":"https:\/\/vitalaxion.com\/fr\/produit\/bain-ionique-vitalbody\/","title":{"rendered":"VitalBody 3 en 1"},"content":{"rendered":"<p><strong>VitalBody 3 en 1<\/strong><\/p>\n<p class=\"p1\">Cet ensemble technologique VitalBody 3 en 1 est con\u00e7u et fabriqu\u00e9 au Canada (QC). Un appareil multifonction unique au monde, tr\u00e8s vibratoire et ultra-performant. Dites non aux imitations, achetez un appareil sans pareil.<\/p>\n<p>L\u2019appareil\u00a0<strong>VitalBody\u00a03 en 1<\/strong>\u00a0peut \u00eatre activ\u00e9 d\u2019un seul c\u00f4t\u00e9 et \u00eatre ainsi vendu comme\u00a0<strong>appareil simple,<\/strong>\u00a0ou des deux c\u00f4t\u00e9s et \u00eatre ainsi vendu comme\u00a0<strong>appareil double.\u00a0<\/strong>L\u2019appareil double est essentiel pour faire des s\u00e9ances combin\u00e9es avec deux usagers en m\u00eame temps. La conversion d\u2019un appareil simple en appareil double peut se faire \u00e0 distance lors d\u2019un appel t\u00e9l\u00e9phonique. \u00c0 la suite du paiement de cette activation, des accessoires suppl\u00e9mentaires sont envoy\u00e9s \u00e0 l\u2019usager. L\u2019activation du <span style=\"color: #333333;\"><a style=\"color: #333333;\" href=\"https:\/\/en.wikipedia.org\/wiki\/Second\" target=\"_blank\" rel=\"noopener\">deuxi\u00e8me<\/a> <\/span>c\u00f4t\u00e9, soit le c\u00f4t\u00e9 droit, peut aussi servir \u00e0 remplacer un c\u00f4t\u00e9 gauche qui s\u2019av\u00e8re d\u00e9fectueux, ce qui est tr\u00e8s pratique pour d\u00e9panner un usager de fa\u00e7on rapide et efficace.<\/p>\n<h4 class=\"product-desc\"><strong>Caract\u00e9ristiques int\u00e9ressantes :<\/strong><\/h4>\n<ul>\n<li>Fait \u00e0 la main avec passion<\/li>\n<li>Satisfaction de 30 jours | Garantie de 2 ans<\/li>\n<li>Guide de d\u00e9marrage, manuel d\u2019utilisation<\/li>\n<li>Pratique, s\u00e9curitaire, facile \u00e0 utiliser<\/li>\n<li>Design \u00e9l\u00e9gant, compact, portable<\/li>\n<li>Qualit\u00e9, durabilit\u00e9, fiabilit\u00e9, efficacit\u00e9<\/li>\n<\/ul>\n<h4 class=\"product-desc\"><strong>Mat\u00e9riel inclus :<\/strong><\/h4>\n<ul>\n<li>Un appareil de contr\u00f4le principal simple ou double<\/li>\n<li>Un bloc de conversion \u00e9lectrique (power supply)<\/li>\n<li>Une ceinture chauffante infrarouge (deux ceintures pour le double)<\/li>\n<li>Un ioniseur cylindrique<\/li>\n<li>Un ioniseur triangulaire<\/li>\n<li>Deux bracelets de conductivit\u00e9 (trois bracelets pour le double)<\/li>\n<li>Une paire de poign\u00e9es pour le ZAPPER (deux paires pour le double)<\/li>\n<li>Le manuel d\u2019instructions<\/li>\n<\/ul>\n<h4 class=\"product-desc\"><strong>Technologies incluses:<\/strong><\/h4>\n<ul>\n<li><strong><a href=\"\/fr\/3-en-1-vitalbody\/1re-fonction-le-bain-ionique-detoxifiant\/\"><span class=\"elementor-icon-list-text\">A &#8211; Le bain d\u00e9toxifiant aux ions n\u00e9gatifs<\/span><\/a><\/strong><\/li>\n<li><strong><a href=\"\/fr\/3-en-1-vitalbody\/2e-fonction-le-zapper-antiparasitaire\/\"><span class=\"elementor-icon-list-text\">B &#8211; Le zapper anti-pathog\u00e8nes multifr\u00e9quence<\/span><\/a><\/strong><\/li>\n<li><strong><a href=\"\/fr\/3-en-1-vitalbody\/3e-fonction-la-ceinture-chauffante\/\"><span class=\"elementor-icon-list-text\">C &#8211; La ceinture chauffante aux infrarouges<\/span><\/a><\/strong><\/li>\n<\/ul>\n<p><a href=\"https:\/\/vitalaxion.com\/fr\/fr\/3-en-1-vitalbody\/\"><u><strong>Plus d&rsquo;information g\u00e9n\u00e9rale sur cet appareil.<\/strong> <\/u><\/a><br \/>\n<a href=\"https:\/\/vitalaxion.com\/wp-content\/uploads\/2023\/04\/3-Contre-indications-et-utilisation-du-VitalBody-3-en-1.pdf\" target=\"_blank\" rel=\"noopener\"><u><strong>Contre-indications et mode d\u2019emploi.<\/strong><\/u><\/a><\/p>\n","protected":false},"excerpt":{"rendered":"<p class=\"p1\">Cet ensemble technologique VitalBody 3 en 1 est con\u00e7u et fabriqu\u00e9 au Canada (QC). Un appareil multifonction unique au monde, tr\u00e8s vibratoire et ultra-performant. Dites non aux imitations, achetez un appareil sans pareil.<\/p>\n<p>L\u2019appareil\u00a0<strong>VitalBody\u00a03 en 1<\/strong>\u00a0peut \u00eatre activ\u00e9 d\u2019un seul c\u00f4t\u00e9 et \u00eatre ainsi vendu comme\u00a0<strong>appareil simple,<\/strong>\u00a0ou des deux c\u00f4t\u00e9s et \u00eatre ainsi vendu comme\u00a0<strong>appareil double.\u00a0<\/strong>L\u2019appareil double est essentiel pour faire des s\u00e9ances combin\u00e9es avec deux usagers en m\u00eame temps. La conversion d\u2019un appareil simple en appareil double peut se faire \u00e0 distance lors d\u2019un appel t\u00e9l\u00e9phonique. \u00c0 la suite du paiement de cette activation, des accessoires suppl\u00e9mentaires sont envoy\u00e9s \u00e0 l\u2019usager. L\u2019activation du deuxi\u00e8me c\u00f4t\u00e9, soit le c\u00f4t\u00e9 droit, peut aussi servir \u00e0 remplacer un c\u00f4t\u00e9 gauche qui s\u2019av\u00e8re d\u00e9fectueux, ce qui est tr\u00e8s pratique pour d\u00e9panner un usager de fa\u00e7on rapide et efficace.<\/p>\n<h4 class=\"product-desc\"><strong>Caract\u00e9ristiques int\u00e9ressantes :<\/strong><\/h4>\n<ul>\n<li>Fait \u00e0 la main avec passion<\/li>\n<li>Satisfaction de 30 jours | Garantie de 2 ans<\/li>\n<li>Guide de d\u00e9marrage, manuel d\u2019utilisation<\/li>\n<li>Pratique, s\u00e9curitaire, facile \u00e0 utiliser<\/li>\n<li>Design \u00e9l\u00e9gant, compact, portable<\/li>\n<li>Qualit\u00e9, durabilit\u00e9, fiabilit\u00e9, efficacit\u00e9<\/li>\n<\/ul>\n<h4 class=\"product-desc\"><strong>Mat\u00e9riel inclus :<\/strong><\/h4>\n<ul>\n<li>Un appareil de contr\u00f4le principal simple ou double<\/li>\n<li>Un bloc de conversion \u00e9lectrique (power supply)<\/li>\n<li>Une ceinture chauffante infrarouge (deux ceintures pour le double)<\/li>\n<li>Un ioniseur cylindrique<\/li>\n<li>Un ioniseur triangulaire<\/li>\n<li>Deux bracelets de conductivit\u00e9 (trois bracelets pour le double)<\/li>\n<li>Une paire de poign\u00e9es pour le ZAPPER (deux paires pour le double)<\/li>\n<li>Le manuel d\u2019instructions<\/li>\n<\/ul>\n<h4 class=\"product-desc\" style=\"margin-bottom: 4px;\"><strong>Technologies incluses :<\/strong><\/h4>\n<ul>\n<li><a class=\"greenlinkpost\" style=\"display: inline-block;\" href=\"https:\/\/vitalaxion.com\/fr\/3-en-1-vitalbody\/1re-fonction-le-bain-ionique-detoxifiant\/\" target=\"_blank\" rel=\"noopener\">A \u2013 Le bain d\u00e9toxifiant aux ions n\u00e9gatifs<\/a><\/li>\n<li><a class=\"greenlinkpost\" style=\"display: inline-block;\" href=\"https:\/\/vitalaxion.com\/fr\/3-en-1-vitalbody\/2e-fonction-le-zapper-antiparasitaire\/\" target=\"_blank\" rel=\"noopener\">B &#8211; Le zapper anti-pathog\u00e8nes multifr\u00e9quence<\/a><\/li>\n<li><a class=\"greenlinkpost\" style=\"display: inline-block;\" href=\"https:\/\/vitalaxion.com\/fr\/3-en-1-vitalbody\/3e-fonction-la-ceinture-chauffante\/\" target=\"_blank\" rel=\"noopener\">C &#8211; La ceinture chauffante aux infrarouges<\/a><\/li>\n<\/ul>\n<p><a href=\"https:\/\/vitalaxion.com\/fr\/3-en-1-vitalbody\/\"><u><strong>Plus d&rsquo;information g\u00e9n\u00e9rale sur cet appareil.<\/strong><\/u><\/a><br \/>\n<a href=\"https:\/\/vitalaxion.com\/wp-content\/uploads\/2023\/04\/3-Contre-indications-et-utilisation-du-VitalBody-3-en-1.pdf\" target=\"_blank\" rel=\"noopener\"><u><strong>Contre-indications et mode d\u2019emploi.<\/strong> <\/u><\/a><\/p>\n<div class=\"questions-notice\">QUESTIONS \u00c0 R\u00c9PONDRE :<\/div>\n","protected":false},"featured_media":61388,"template":"","meta":{"_acf_changed":false},"product_brand":[],"product_cat":[184],"product_tag":[],"class_list":{"0":"post-5039","1":"product","2":"type-product","3":"status-publish","4":"has-post-thumbnail","6":"product_cat-technologies-vedettes","7":"tm-has-options","9":"first","10":"instock","11":"taxable","12":"shipping-taxable","13":"purchasable","14":"product-type-simple"},"acf":[],"_links":{"self":[{"href":"https:\/\/vitalaxion.com\/fr\/wp-json\/wp\/v2\/product\/5039","targetHints":{"allow":["GET"]}}],"collection":[{"href":"https:\/\/vitalaxion.com\/fr\/wp-json\/wp\/v2\/product"}],"about":[{"href":"https:\/\/vitalaxion.com\/fr\/wp-json\/wp\/v2\/types\/product"}],"wp:featuredmedia":[{"embeddable":true,"href":"https:\/\/vitalaxion.com\/fr\/wp-json\/wp\/v2\/media\/61388"}],"wp:attachment":[{"href":"https:\/\/vitalaxion.com\/fr\/wp-json\/wp\/v2\/media?parent=5039"}],"wp:term":[{"taxonomy":"product_brand","embeddable":true,"href":"https:\/\/vitalaxion.com\/fr\/wp-json\/wp\/v2\/product_brand?post=5039"},{"taxonomy":"product_cat","embeddable":true,"href":"https:\/\/vitalaxion.com\/fr\/wp-json\/wp\/v2\/product_cat?post=5039"},{"taxonomy":"product_tag","embeddable":true,"href":"https:\/\/vitalaxion.com\/fr\/wp-json\/wp\/v2\/product_tag?post=5039"}],"curies":[{"name":"wp","href":"https:\/\/api.w.org\/{rel}","templated":true}]}}