{"id":5038,"date":"2022-10-30T04:00:59","date_gmt":"2022-10-30T08:00:59","guid":{"rendered":"https:\/\/amisun.biz\/cient\/vitalaxion\/fr\/?post_type=product&#038;p=5038"},"modified":"2026-04-14T18:01:57","modified_gmt":"2026-04-14T22:01:57","slug":"vitalzapper-antiparasite","status":"publish","type":"product","link":"https:\/\/vitalaxion.com\/fr\/produit\/vitalzapper-antiparasite\/","title":{"rendered":"VitalZapper"},"content":{"rendered":"<p><strong>Ce dispositif portable s\u2019adresse sp\u00e9cifiquement \u00e0 ceux et celles ne poss\u00e9dant pas de VitalBody 3 en 1 car la fonction de zapper y est d\u00e9j\u00e0 incluse.<\/strong>\u00a0Ce pratique, compact et l\u00e9ger VitalZapper r\u00e9pond aussi parfaitement aux besoins des grands voyageurs ou des usagers d\u00e9sirant l\u2019offrir en location mensuelle \u00e0 leur propre client\u00e8le.<\/p>\n<p>Ce petit VitalZapper portatif fonctionne \u00e0 l\u2019aide d\u2019une batterie alcaline de 9\u00a0volts ou alternativement avec un minibloc d\u2019alimentation \u00e9lectrique. Cet appareil est vendu dans sa propre valise de transport et offre les m\u00eames sp\u00e9cifications techniques que le Zapper int\u00e9gr\u00e9 sur l\u2019appareil multifonction VitalBody\u00a03 en 1.<\/p>\n<h4 class=\"product-desc\"><strong>Caract\u00e9ristiques int\u00e9ressantes :<\/strong><\/h4>\n<ul>\n<li>Fait \u00e0 la main avec passion<\/li>\n<li>Satisfaction de 30 jours | Garantie de 2 ans<\/li>\n<li>Guide de d\u00e9marrage, manuel d\u2019utilisation<\/li>\n<li>Pratique, s\u00e9curitaire, facile \u00e0 utiliser<\/li>\n<li>Design \u00e9l\u00e9gant, compact, portable<\/li>\n<li>Qualit\u00e9, durabilit\u00e9, fiabilit\u00e9, efficacit\u00e9<\/li>\n<\/ul>\n<h4 class=\"product-desc\"><strong>Mat\u00e9riel inclus :<\/strong><\/h4>\n<ul>\n<li>Un appareil de contr\u00f4le principal<\/li>\n<li>Une paire de tiges conductrices avec fil<\/li>\n<li>Un petit bloc d\u2019alimentation \u00e9lectrique<\/li>\n<li>Une <span style=\"color: #333333;\"><a style=\"color: #333333;\" href=\"https:\/\/en.wikipedia.org\/wiki\/Nine-volt_battery\" target=\"_blank\" rel=\"noopener\">batterie 9 Volts<\/a><\/span><\/li>\n<li>Le manuel d\u2019instructions<\/li>\n<\/ul>\n<p><a href=\"https:\/\/vitalaxion.com\/fr\/fr\/vitalzapper\/\"><button class=\"single_add_to_cart_button button alt\">EN SAVOIR PLUS SUR LE VITALZAPPER<\/button><\/a><\/p>\n","protected":false},"excerpt":{"rendered":"<p><strong>Ce dispositif portable s\u2019adresse sp\u00e9cifiquement \u00e0 ceux et celles ne poss\u00e9dant pas de VitalBody 3 en 1 car la fonction de zapper y est d\u00e9j\u00e0 incluse.<\/strong>\u00a0Ce pratique, compact et l\u00e9ger VitalZapper r\u00e9pond aussi parfaitement aux besoins des grands voyageurs ou des usagers d\u00e9sirant l\u2019offrir en location mensuelle \u00e0 leur propre client\u00e8le.<\/p>\n<p>Ce petit VitalZapper portatif fonctionne \u00e0 l\u2019aide d\u2019une batterie alcaline de 9\u00a0volts ou alternativement avec un minibloc d\u2019alimentation \u00e9lectrique. Cet appareil est vendu dans sa propre valise de transport et offre les m\u00eames sp\u00e9cifications techniques que le Zapper int\u00e9gr\u00e9 sur l\u2019appareil multifonction VitalBody\u00a03 en 1.<\/p>\n<h4 class=\"product-desc\"><strong>Caract\u00e9ristiques int\u00e9ressantes :<\/strong><\/h4>\n<ul>\n<li>Fait \u00e0 la main avec passion<\/li>\n<li>Satisfaction de 30 jours | Garantie de 2 ans<\/li>\n<li>Guide de d\u00e9marrage, manuel d\u2019utilisation<\/li>\n<li>Pratique, s\u00e9curitaire, facile \u00e0 utiliser<\/li>\n<li>Design \u00e9l\u00e9gant, compact, portable<\/li>\n<li>Qualit\u00e9, durabilit\u00e9, fiabilit\u00e9, efficacit\u00e9<\/li>\n<\/ul>\n<h4 class=\"product-desc\"><strong>Mat\u00e9riel inclus :<\/strong><\/h4>\n<ul>\n<li>Un appareil de contr\u00f4le principal<\/li>\n<li>Une paire de tiges conductrices avec fil<\/li>\n<li>Un petit bloc d\u2019alimentation \u00e9lectrique<\/li>\n<li>Une batterie 9 Volts<\/li>\n<li>Le manuel d\u2019instructions<\/li>\n<\/ul>\n<p><a href=\"https:\/\/vitalaxion.com\/fr\/fr\/vitalzapper\/\"><button class=\"single_add_to_cart_button button alt\">EN SAVOIR PLUS SUR LE VITALZAPPER<\/button><\/a><\/p>\n","protected":false},"featured_media":61301,"template":"","meta":{"_acf_changed":false},"product_brand":[],"product_cat":[184],"product_tag":[],"class_list":{"0":"post-5038","1":"product","2":"type-product","3":"status-publish","4":"has-post-thumbnail","6":"product_cat-technologies-vedettes","7":"tm-no-options","9":"first","10":"outofstock","11":"taxable","12":"shipping-taxable","13":"purchasable","14":"product-type-simple"},"acf":[],"_links":{"self":[{"href":"https:\/\/vitalaxion.com\/fr\/wp-json\/wp\/v2\/product\/5038","targetHints":{"allow":["GET"]}}],"collection":[{"href":"https:\/\/vitalaxion.com\/fr\/wp-json\/wp\/v2\/product"}],"about":[{"href":"https:\/\/vitalaxion.com\/fr\/wp-json\/wp\/v2\/types\/product"}],"wp:featuredmedia":[{"embeddable":true,"href":"https:\/\/vitalaxion.com\/fr\/wp-json\/wp\/v2\/media\/61301"}],"wp:attachment":[{"href":"https:\/\/vitalaxion.com\/fr\/wp-json\/wp\/v2\/media?parent=5038"}],"wp:term":[{"taxonomy":"product_brand","embeddable":true,"href":"https:\/\/vitalaxion.com\/fr\/wp-json\/wp\/v2\/product_brand?post=5038"},{"taxonomy":"product_cat","embeddable":true,"href":"https:\/\/vitalaxion.com\/fr\/wp-json\/wp\/v2\/product_cat?post=5038"},{"taxonomy":"product_tag","embeddable":true,"href":"https:\/\/vitalaxion.com\/fr\/wp-json\/wp\/v2\/product_tag?post=5038"}],"curies":[{"name":"wp","href":"https:\/\/api.w.org\/{rel}","templated":true}]}}