{"id":5036,"date":"2022-10-30T04:00:59","date_gmt":"2022-10-30T08:00:59","guid":{"rendered":"https:\/\/amisun.biz\/cient\/vitalaxion\/fr\/?post_type=product&#038;p=5036"},"modified":"2026-01-20T01:51:12","modified_gmt":"2026-01-20T06:51:12","slug":"ecouteur-vitalbrain","status":"publish","type":"product","link":"https:\/\/vitalaxion.com\/fr\/produit\/ecouteur-vitalbrain\/","title":{"rendered":"VitalBrain"},"content":{"rendered":"<p><strong>VitalBrain &#8211; Oreillette \u00e0 tube d\u2019air sans radiation CEM<\/strong><\/p>\n<h4><strong><u>\u00c9COUTEUR MONO \u00e0 une seule oreillette<\/u><\/strong><\/h4>\n<h4><strong><u>\u00c9COUTEUR ST\u00c9R\u00c9O \u00e0 deux oreillettes (extra de 5$)<\/u><\/strong><\/h4>\n<h4 class=\"product-desc\"><strong>Caract\u00e9ristiques int\u00e9ressantes :<\/strong><\/h4>\n<ul>\n<li>Procurez-vous une nouvelle oreillette \u00e0 tube d\u2019air sans radiation avec <span style=\"color: #333333;\"><a style=\"color: #333333;\" href=\"https:\/\/en.wikipedia.org\/wiki\/Microphone\" target=\"_blank\" rel=\"noopener\">microphone<\/a> <\/span>int\u00e9gr\u00e9.<\/li>\n<li>Utilisez votre t\u00e9l\u00e9phone portable sans nuire \u00e0 vos cellules ni compromettre votre sant\u00e9.<\/li>\n<li>\u00c9loignez la dangereuse pollution \u00e9lectromagn\u00e9tique de vos oreilles et de votre t\u00eate.<\/li>\n<li>Utilisez votre t\u00e9l\u00e9phone cellulaire sans restriction ni effets ind\u00e9sirables.<\/li>\n<\/ul>\n<h4 class=\"product-desc\"><strong>Mat\u00e9riel inclus :<\/strong><\/h4>\n<ul>\n<li>Oreillette MONO VitalBrain (5$ de plus pour avoir deux oreillettes)<\/li>\n<li>Deux embouts interchangeables suppl\u00e9mentaires<\/li>\n<li>Garantie de 3 mois<\/li>\n<\/ul>\n<p><a href=\"https:\/\/vitalaxion.com\/fr\/fr\/vitalbrain\/\"><button class=\"single_add_to_cart_button button alt\">EN SAVOIR PLUS SUR LE VITALBRAIN<\/button><\/a><\/p>\n","protected":false},"excerpt":{"rendered":"<h4><strong><u>\u00c9COUTEUR MONO \u00e0 une seule oreillette<\/u><\/strong><\/h4>\n<h4><strong><u>\u00c9COUTEUR ST\u00c9R\u00c9O \u00e0 deux oreillettes (extra de 5$)<\/u><\/strong><\/h4>\n<h4 class=\"product-desc\"><strong>Caract\u00e9ristiques int\u00e9ressantes :<\/strong><\/h4>\n<ul>\n<li>Procurez-vous une nouvelle oreillette \u00e0 tube d\u2019air sans radiation avec microphone int\u00e9gr\u00e9.<\/li>\n<li>Utilisez votre t\u00e9l\u00e9phone portable sans nuire \u00e0 vos cellules ni compromettre votre sant\u00e9.<\/li>\n<li>\u00c9loignez la dangereuse pollution \u00e9lectromagn\u00e9tique de vos oreilles et de votre t\u00eate.<\/li>\n<li>Utilisez votre t\u00e9l\u00e9phone cellulaire sans restriction ni effets ind\u00e9sirables.<\/li>\n<\/ul>\n<h4 class=\"product-desc\"><strong>Mat\u00e9riel inclus :<\/strong><\/h4>\n<ul>\n<li>Oreillette MONO VitalBrain (5$ de plus pour avoir deux oreillettes)<\/li>\n<li>Deux embouts interchangeables suppl\u00e9mentaires<\/li>\n<li>Garantie de 3 mois<\/li>\n<\/ul>\n<p><a href=\"https:\/\/vitalaxion.com\/fr\/fr\/vitalbrain\/\"><button class=\"single_add_to_cart_button button alt\">EN SAVOIR PLUS SUR LE VITALBRAIN<\/button><\/a><\/p>\n<div class=\"questions-notice\">QUESTION \u00c0 R\u00c9PONDRE :<\/div>\n","protected":false},"featured_media":61305,"template":"","meta":{"_acf_changed":false},"product_brand":[],"product_cat":[184],"product_tag":[],"class_list":{"0":"post-5036","1":"product","2":"type-product","3":"status-publish","4":"has-post-thumbnail","6":"product_cat-technologies-vedettes","7":"tm-has-options","9":"first","10":"instock","11":"taxable","12":"shipping-taxable","13":"purchasable","14":"product-type-simple"},"acf":[],"_links":{"self":[{"href":"https:\/\/vitalaxion.com\/fr\/wp-json\/wp\/v2\/product\/5036","targetHints":{"allow":["GET"]}}],"collection":[{"href":"https:\/\/vitalaxion.com\/fr\/wp-json\/wp\/v2\/product"}],"about":[{"href":"https:\/\/vitalaxion.com\/fr\/wp-json\/wp\/v2\/types\/product"}],"wp:featuredmedia":[{"embeddable":true,"href":"https:\/\/vitalaxion.com\/fr\/wp-json\/wp\/v2\/media\/61305"}],"wp:attachment":[{"href":"https:\/\/vitalaxion.com\/fr\/wp-json\/wp\/v2\/media?parent=5036"}],"wp:term":[{"taxonomy":"product_brand","embeddable":true,"href":"https:\/\/vitalaxion.com\/fr\/wp-json\/wp\/v2\/product_brand?post=5036"},{"taxonomy":"product_cat","embeddable":true,"href":"https:\/\/vitalaxion.com\/fr\/wp-json\/wp\/v2\/product_cat?post=5036"},{"taxonomy":"product_tag","embeddable":true,"href":"https:\/\/vitalaxion.com\/fr\/wp-json\/wp\/v2\/product_tag?post=5036"}],"curies":[{"name":"wp","href":"https:\/\/api.w.org\/{rel}","templated":true}]}}