{"id":5034,"date":"2022-10-30T04:00:59","date_gmt":"2022-10-30T08:00:59","guid":{"rendered":"https:\/\/amisun.biz\/cient\/vitalaxion\/fr\/?post_type=product&#038;p=5034"},"modified":"2026-01-01T05:36:02","modified_gmt":"2026-01-01T10:36:02","slug":"ceinture-chauffante-ir","status":"publish","type":"product","link":"https:\/\/vitalaxion.com\/fr\/produit\/ceinture-chauffante-ir\/","title":{"rendered":"Ceinture Chauffante IR"},"content":{"rendered":"<p><strong>Ceinture Chauffante IR<\/strong><\/p>\n<p>Notre appareil <span style=\"color: #333333;\"><a style=\"color: #333333;\" href=\"https:\/\/vitalaxion.com\/fr\/\">VitalBody<\/a> <\/span>3 en 1 inclut par d\u00e9faut cette ceinture infrarouge qui peut \u00eatre utilis\u00e9e \u00e0 volont\u00e9, n\u2019importe o\u00f9 sur le corps. Une ceinture chauffante de conception unique respectant nos strictes exigences de fabrication \u00e9num\u00e9r\u00e9es ci-dessous.<\/p>\n<p>Fil chauffant interne blind\u00e9 afin d\u2019att\u00e9nuer la pollution \u00e9lectromagn\u00e9tique ;<br \/>\nRecouvrement en cuirette souple et robuste d\u2019environ 50\u2019\u2019 de longueur par 5\u2019\u2019 de largeur ;<br \/>\nExtenseur \u00e9lastique en velcro d\u2019environ 15\u2019\u2019 de longueur par 3\u2019\u2019 de largeur ;<br \/>\nGarantie de 12 mois avec un co\u00fbt de remplacement de 30 $ CAD.<\/p>\n","protected":false},"excerpt":{"rendered":"<p><strong><a href=\"https:\/\/vitalaxion.com\/fr\/produit\/bain-ionique-vitalbody\/\">Notre appareil VitalBody 3 en 1<\/a><\/strong> inclut par d\u00e9faut cette ceinture infrarouge qui peut \u00eatre utilis\u00e9e \u00e0 volont\u00e9, n\u2019importe o\u00f9 sur le corps. <a href=\"https:\/\/vitalaxion.com\/fr\/3-en-1-vitalbody\/3e-fonction-la-ceinture-chauffante\/\" target=\"_blank\" rel=\"noopener\"><strong>Une ceinture chauffante<\/strong><\/a> de conception unique respectant nos strictes exigences de fabrication \u00e9num\u00e9r\u00e9es ci-dessous.<\/p>\n<ul>\n<li>Fil chauffant interne blind\u00e9 afin d\u2019att\u00e9nuer la pollution \u00e9lectromagn\u00e9tique ;<\/li>\n<li>Recouvrement en cuirette souple et robuste d\u2019environ 50\u2019\u2019 de longueur par 5\u2019\u2019 de largeur ;<\/li>\n<li>Extenseur \u00e9lastique en velcro d\u2019environ 15\u2019\u2019 de longueur par 3\u2019\u2019 de largeur ;<\/li>\n<li>Garantie de 12 mois avec un co\u00fbt de remplacement de 30 $ CAD.<\/li>\n<\/ul>\n<p><!-- <strong>VID\u00c9O<\/strong>\n\nhttps:\/\/vitalaxion.com\/wp-content\/uploads\/2023\/01\/Ceinture-Chauffante-4.mp4 --><\/p>\n<div class=\"questions-notice\">QUESTION \u00c0 R\u00c9PONDRE :<\/div>\n","protected":false},"featured_media":61383,"template":"","meta":{"_acf_changed":false},"product_brand":[],"product_cat":[180],"product_tag":[181],"class_list":{"0":"post-5034","1":"product","2":"type-product","3":"status-publish","4":"has-post-thumbnail","6":"product_cat-articles-de-remplacement","7":"product_tag-produits-et-accessoires","8":"tm-has-options","10":"first","11":"instock","12":"taxable","13":"shipping-taxable","14":"purchasable","15":"product-type-simple"},"acf":[],"_links":{"self":[{"href":"https:\/\/vitalaxion.com\/fr\/wp-json\/wp\/v2\/product\/5034","targetHints":{"allow":["GET"]}}],"collection":[{"href":"https:\/\/vitalaxion.com\/fr\/wp-json\/wp\/v2\/product"}],"about":[{"href":"https:\/\/vitalaxion.com\/fr\/wp-json\/wp\/v2\/types\/product"}],"wp:featuredmedia":[{"embeddable":true,"href":"https:\/\/vitalaxion.com\/fr\/wp-json\/wp\/v2\/media\/61383"}],"wp:attachment":[{"href":"https:\/\/vitalaxion.com\/fr\/wp-json\/wp\/v2\/media?parent=5034"}],"wp:term":[{"taxonomy":"product_brand","embeddable":true,"href":"https:\/\/vitalaxion.com\/fr\/wp-json\/wp\/v2\/product_brand?post=5034"},{"taxonomy":"product_cat","embeddable":true,"href":"https:\/\/vitalaxion.com\/fr\/wp-json\/wp\/v2\/product_cat?post=5034"},{"taxonomy":"product_tag","embeddable":true,"href":"https:\/\/vitalaxion.com\/fr\/wp-json\/wp\/v2\/product_tag?post=5034"}],"curies":[{"name":"wp","href":"https:\/\/api.w.org\/{rel}","templated":true}]}}