{"id":5032,"date":"2022-10-30T04:00:59","date_gmt":"2022-10-30T08:00:59","guid":{"rendered":"https:\/\/amisun.biz\/cient\/vitalaxion\/fr\/?post_type=product&#038;p=5032"},"modified":"2026-01-01T05:24:59","modified_gmt":"2026-01-01T10:24:59","slug":"ioniseur-triangulaire","status":"publish","type":"product","link":"https:\/\/vitalaxion.com\/fr\/produit\/ioniseur-triangulaire\/","title":{"rendered":"Ioniseur Triangulaire"},"content":{"rendered":"<p><strong>Ioniseur Triangulaire<\/strong><\/p>\n<p>Ioniseur Triangulaire: Notre appareil <span style=\"color: #333333;\"><a style=\"color: #333333;\" href=\"https:\/\/vitalaxion.com\/fr\/\">Vital Body<\/a> <\/span>3 en 1 inclut par d\u00e9faut ce g\u00e9n\u00e9rateur d\u2019ions triangulaire professionnel (cartouche de remplacement).<\/p>\n<p>4 plaques <span style=\"color: #333333;\"><a style=\"color: #333333;\" href=\"https:\/\/fr.wikipedia.org\/wiki\/M%C3%A9tal\" target=\"_blank\" rel=\"noopener\">m\u00e9talliques<\/a> <\/span>parall\u00e8les en acier inoxydable de type 316 ;<br \/>\nDur\u00e9e de vie d\u2019environ 30 \u00e0 40 s\u00e9ances de 30 minutes, jetable apr\u00e8s expiration ;<br \/>\nOffre une s\u00e9ance de puissance \u00e9lev\u00e9e avec sensation \u00e9lectrique ;<br \/>\nAttention, pendant une s\u00e9ance avec les mains, une r\u00e9sonnance \u00e9lectrique intense, mais inoffensive peut-\u00eatre ressentie dans l\u2019eau avec cette cartouche ;<br \/>\nPeut occasionner des effets secondaires de d\u00e9toxication et des crises de r\u00e9tablissement ;<br \/>\nGarantie d\u2019op\u00e9ration pour 25 s\u00e9ances minimum avec un co\u00fbt de remplacement de 30 $ CAD.<\/p>\n","protected":false},"excerpt":{"rendered":"<p><strong><a href=\"https:\/\/vitalaxion.com\/fr\/produit\/bain-ionique-vitalbody\/\">Notre appareil VitalBody 3 en 1<\/a><\/strong> inclut par d\u00e9faut ce g\u00e9n\u00e9rateur d\u2019ions triangulaire professionnel (cartouche de remplacement).<\/p>\n<ul>\n<li>4 plaques m\u00e9talliques parall\u00e8les en acier inoxydable de type 316 ;<\/li>\n<li>Dur\u00e9e de vie d\u2019environ<strong> 30 \u00e0 40 s\u00e9ances<\/strong> de 30 minutes, jetable apr\u00e8s expiration ;<\/li>\n<li>Offre une s\u00e9ance de <strong>puissance \u00e9lev\u00e9e<\/strong> avec sensation \u00e9lectrique ;<\/li>\n<li>Attention, pendant une s\u00e9ance avec les mains, une r\u00e9sonnance \u00e9lectrique intense, mais inoffensive peut-\u00eatre ressentie dans l\u2019eau avec cette cartouche ;<\/li>\n<li>Peut occasionner des effets secondaires de d\u00e9toxication et des crises de r\u00e9tablissement ;<\/li>\n<li>Garantie d\u2019op\u00e9ration pour 25 s\u00e9ances minimum avec un co\u00fbt de remplacement de 30 $ CAD.<\/li>\n<\/ul>\n<p><!-- <strong>VID\u00c9O<\/strong>\n\nhttps:\/\/vitalaxion.com\/wp-content\/uploads\/2023\/01\/Ioniseur-Triangulaire-6.mp4 --><\/p>\n","protected":false},"featured_media":61375,"template":"","meta":{"_acf_changed":false},"product_brand":[],"product_cat":[180],"product_tag":[181],"class_list":{"0":"post-5032","1":"product","2":"type-product","3":"status-publish","4":"has-post-thumbnail","6":"product_cat-articles-de-remplacement","7":"product_tag-produits-et-accessoires","8":"tm-no-options","10":"first","11":"instock","12":"taxable","13":"shipping-taxable","14":"purchasable","15":"product-type-simple"},"acf":[],"_links":{"self":[{"href":"https:\/\/vitalaxion.com\/fr\/wp-json\/wp\/v2\/product\/5032","targetHints":{"allow":["GET"]}}],"collection":[{"href":"https:\/\/vitalaxion.com\/fr\/wp-json\/wp\/v2\/product"}],"about":[{"href":"https:\/\/vitalaxion.com\/fr\/wp-json\/wp\/v2\/types\/product"}],"wp:featuredmedia":[{"embeddable":true,"href":"https:\/\/vitalaxion.com\/fr\/wp-json\/wp\/v2\/media\/61375"}],"wp:attachment":[{"href":"https:\/\/vitalaxion.com\/fr\/wp-json\/wp\/v2\/media?parent=5032"}],"wp:term":[{"taxonomy":"product_brand","embeddable":true,"href":"https:\/\/vitalaxion.com\/fr\/wp-json\/wp\/v2\/product_brand?post=5032"},{"taxonomy":"product_cat","embeddable":true,"href":"https:\/\/vitalaxion.com\/fr\/wp-json\/wp\/v2\/product_cat?post=5032"},{"taxonomy":"product_tag","embeddable":true,"href":"https:\/\/vitalaxion.com\/fr\/wp-json\/wp\/v2\/product_tag?post=5032"}],"curies":[{"name":"wp","href":"https:\/\/api.w.org\/{rel}","templated":true}]}}