{"id":5031,"date":"2022-10-30T04:00:59","date_gmt":"2022-10-30T08:00:59","guid":{"rendered":"https:\/\/amisun.biz\/cient\/vitalaxion\/fr\/?post_type=product&#038;p=5031"},"modified":"2026-01-31T03:50:27","modified_gmt":"2026-01-31T08:50:27","slug":"ioniseur-cylindrique","status":"publish","type":"product","link":"https:\/\/vitalaxion.com\/fr\/produit\/ioniseur-cylindrique\/","title":{"rendered":"Ioniseur Cylindrique"},"content":{"rendered":"<p><strong>Ioniseur Cylindrique<\/strong><\/p>\n<p>Notre appareil <span style=\"color: #333333;\"><a style=\"color: #333333;\" href=\"https:\/\/vitalaxion.com\/fr\/\">VitalBody<\/a> <\/span>3 en 1 inclut par d\u00e9faut ce g\u00e9n\u00e9rateur d\u2019ions <span style=\"color: #333333;\">cylindrique <\/span>de base (cartouche de remplacement). G\u00e9n\u00e9rateur d&rsquo;ions n\u00e9gatifs rond. <span style=\"color: #333333;\"><a style=\"color: #333333;\" href=\"https:\/\/en.wikipedia.org\/wiki\/Cartouche\" target=\"_blank\" rel=\"noopener\">Cartouche<\/a> <\/span>ionisante incluse avec notre bain ionique d\u00e9toxifiant canadien (VitalBody 3 en 1). Connecteur 6.35mm.<\/p>\n<p><strong>Ioniseur Cylindrique<\/strong><\/p>\n<p>2 serpentins m\u00e9talliques internes en acier inoxydable de type 302 ;<br \/>\nDur\u00e9e de vie d\u2019environ 30 \u00e0 40 s\u00e9ances de 30 minutes, jetable apr\u00e8s expiration ;<br \/>\nOffre une s\u00e9ance de puissance mod\u00e9r\u00e9e sans sensation \u00e9lectrique. Ad\u00e9quat pour les d\u00e9butants sensibles, les bains de mains, les jeunes enfants, les personnes \u00e2g\u00e9es ou les cas de sant\u00e9 particuli\u00e8rement fragile ;<br \/>\nMinimise les effets secondaires de d\u00e9toxication et les crises de r\u00e9tablissement ;<br \/>\nGarantie d\u2019op\u00e9ration pour 25 s\u00e9ances minimum avec un co\u00fbt de remplacement de 20 $ CAD.<\/p>\n","protected":false},"excerpt":{"rendered":"<p><u><\/u><strong><a href=\"https:\/\/vitalaxion.com\/fr\/produit\/bain-ionique-vitalbody\/\">Notre appareil VitalBody 3 en 1<\/a><\/strong> inclut par d\u00e9faut ce g\u00e9n\u00e9rateur d\u2019ions cylindrique de base (cartouche de remplacement).<\/p>\n<ul>\n<li>2 serpentins m\u00e9talliques internes en acier inoxydable de type 302 ;<\/li>\n<li>Dur\u00e9e de vie d\u2019environ <strong>30 \u00e0 40 s\u00e9ances<\/strong> de 30 minutes, jetable apr\u00e8s expiration ;<\/li>\n<li>Offre une s\u00e9ance de <strong>puissance mod\u00e9r\u00e9e<\/strong> sans sensation \u00e9lectrique. Ad\u00e9quat pour les d\u00e9butants sensibles, les bains de mains, les jeunes enfants, les personnes \u00e2g\u00e9es ou les cas de sant\u00e9 particuli\u00e8rement fragile ;<\/li>\n<li>Minimise les effets secondaires de d\u00e9toxication et les crises de r\u00e9tablissement ;<\/li>\n<li>Garantie d\u2019op\u00e9ration pour 25 s\u00e9ances minimum avec un co\u00fbt de remplacement de 20 $ CAD.<\/li>\n<\/ul>\n<p><!-- <strong>VID\u00c9O<\/strong>\n\nhttps:\/\/vitalaxion.com\/wp-content\/uploads\/2023\/01\/0-Ioniseur-Cylindrique-7.mp4 --><\/p>\n","protected":false},"featured_media":61371,"template":"","meta":{"_acf_changed":false},"product_brand":[],"product_cat":[180],"product_tag":[181],"class_list":{"0":"post-5031","1":"product","2":"type-product","3":"status-publish","4":"has-post-thumbnail","6":"product_cat-articles-de-remplacement","7":"product_tag-produits-et-accessoires","8":"tm-no-options","10":"first","11":"instock","12":"taxable","13":"shipping-taxable","14":"purchasable","15":"product-type-simple"},"acf":[],"_links":{"self":[{"href":"https:\/\/vitalaxion.com\/fr\/wp-json\/wp\/v2\/product\/5031","targetHints":{"allow":["GET"]}}],"collection":[{"href":"https:\/\/vitalaxion.com\/fr\/wp-json\/wp\/v2\/product"}],"about":[{"href":"https:\/\/vitalaxion.com\/fr\/wp-json\/wp\/v2\/types\/product"}],"wp:featuredmedia":[{"embeddable":true,"href":"https:\/\/vitalaxion.com\/fr\/wp-json\/wp\/v2\/media\/61371"}],"wp:attachment":[{"href":"https:\/\/vitalaxion.com\/fr\/wp-json\/wp\/v2\/media?parent=5031"}],"wp:term":[{"taxonomy":"product_brand","embeddable":true,"href":"https:\/\/vitalaxion.com\/fr\/wp-json\/wp\/v2\/product_brand?post=5031"},{"taxonomy":"product_cat","embeddable":true,"href":"https:\/\/vitalaxion.com\/fr\/wp-json\/wp\/v2\/product_cat?post=5031"},{"taxonomy":"product_tag","embeddable":true,"href":"https:\/\/vitalaxion.com\/fr\/wp-json\/wp\/v2\/product_tag?post=5031"}],"curies":[{"name":"wp","href":"https:\/\/api.w.org\/{rel}","templated":true}]}}