{"id":5027,"date":"2022-10-30T04:00:59","date_gmt":"2022-10-30T08:00:59","guid":{"rendered":"https:\/\/amisun.biz\/cient\/vitalaxion\/fr\/?post_type=product&#038;p=5027"},"modified":"2026-01-19T13:01:59","modified_gmt":"2026-01-19T18:01:59","slug":"indicateur-de-ph","status":"publish","type":"product","link":"https:\/\/vitalaxion.com\/fr\/produit\/indicateur-de-ph\/","title":{"rendered":"Indicateur de PH"},"content":{"rendered":"<p><strong>Indicateur de PH<\/strong><\/p>\n<p>Paquet de 100 bandes <strong>indicatrices de PH<\/strong> (salivaire ou urinaire) pour v\u00e9rifier l\u2019acidit\u00e9 corporelle.<\/p>\n<p>Indicateur de PH: Paquet de 100 bandes de <span style=\"color: #333333;\"><a style=\"color: #333333;\" href=\"https:\/\/vitalaxion.com\/fr\/produit\/indicateur-de-ph\/\">PH<\/a> <\/span>pour v\u00e9rifier l\u2019acidit\u00e9 corporelle avant une s\u00e9ance de d\u00e9toxication aux ions n\u00e9gatifs, bain de pieds ionique.<\/p>\n","protected":false},"excerpt":{"rendered":"<p>Paquet de 100 bandes indicatrices de PH (salivaire ou urinaire) pour v\u00e9rifier l\u2019acidit\u00e9 corporelle.<\/p>\n","protected":false},"featured_media":61351,"template":"","meta":{"_acf_changed":false},"product_brand":[],"product_cat":[180],"product_tag":[181],"class_list":{"0":"post-5027","1":"product","2":"type-product","3":"status-publish","4":"has-post-thumbnail","6":"product_cat-articles-de-remplacement","7":"product_tag-produits-et-accessoires","8":"tm-no-options","10":"first","11":"instock","12":"taxable","13":"shipping-taxable","14":"purchasable","15":"product-type-simple"},"acf":[],"_links":{"self":[{"href":"https:\/\/vitalaxion.com\/fr\/wp-json\/wp\/v2\/product\/5027","targetHints":{"allow":["GET"]}}],"collection":[{"href":"https:\/\/vitalaxion.com\/fr\/wp-json\/wp\/v2\/product"}],"about":[{"href":"https:\/\/vitalaxion.com\/fr\/wp-json\/wp\/v2\/types\/product"}],"wp:featuredmedia":[{"embeddable":true,"href":"https:\/\/vitalaxion.com\/fr\/wp-json\/wp\/v2\/media\/61351"}],"wp:attachment":[{"href":"https:\/\/vitalaxion.com\/fr\/wp-json\/wp\/v2\/media?parent=5027"}],"wp:term":[{"taxonomy":"product_brand","embeddable":true,"href":"https:\/\/vitalaxion.com\/fr\/wp-json\/wp\/v2\/product_brand?post=5027"},{"taxonomy":"product_cat","embeddable":true,"href":"https:\/\/vitalaxion.com\/fr\/wp-json\/wp\/v2\/product_cat?post=5027"},{"taxonomy":"product_tag","embeddable":true,"href":"https:\/\/vitalaxion.com\/fr\/wp-json\/wp\/v2\/product_tag?post=5027"}],"curies":[{"name":"wp","href":"https:\/\/api.w.org\/{rel}","templated":true}]}}