{"id":5026,"date":"2022-10-30T04:00:59","date_gmt":"2022-10-30T08:00:59","guid":{"rendered":"https:\/\/amisun.biz\/cient\/vitalaxion\/fr\/?post_type=product&#038;p=5026"},"modified":"2026-01-01T03:57:36","modified_gmt":"2026-01-01T08:57:36","slug":"nettoyant-ioniseur","status":"publish","type":"product","link":"https:\/\/vitalaxion.com\/fr\/produit\/nettoyant-ioniseur\/","title":{"rendered":"Nettoyeur Surf-Pro"},"content":{"rendered":"<p><strong>Nettoyeur Surf-Pro:<\/strong> Puissant nettoyant antirouille pour ioniseurs. Nettoie et dissout la rouille et le calcaire sur les g\u00e9n\u00e9rateurs d\u2019ions n\u00e9gatifs (cartouche ionisante ou ioniseur). Bouteille de 850ml d\u2019acide phosphorique sans dissolution.<\/p>\n<p>Voir la fiche signal\u00e9tique de ce produit via <a href=\"https:\/\/vitalaxion.com\/wp-content\/uploads\/2022\/10\/fiche_technique_DECALCAIREUR-fr.pdf\">ce fichier PDF<\/a>.<br \/>\nVoir la fiche de s\u00e9curit\u00e9 de ce produit via <a href=\"https:\/\/vitalaxion.com\/wp-content\/uploads\/2022\/10\/FDS-2021-02-LE-DECALCAIREUR.pdf\">ce fichier PDF<\/a>.<\/p>\n<p><strong>PROC\u00c9DURE DE NETTOYAGE : Nettoyeur Surf-Pro<\/strong><\/p>\n<ul>\n<li>Rincer les gros r\u00e9sidus de la cartouche ionisante sous l\u2019eau du robinet ;<\/li>\n<li>Secouer ou essuyer l\u2019ionisateur avec un essuie-tout pour enlever le surplus d\u2019eau ;<\/li>\n<li>St\u00e9riliser l\u2019ionisateur si n\u00e9cessaire avec du peroxyde 3 % vendu en pharmacie, surtout lors d\u2019un usage commercial r\u00e9p\u00e9titif avec de nombreux diff\u00e9rents utilisateurs ;<\/li>\n<li>Tremper l\u2019ionisateur dans le peroxyde quelques minutes avant de le laisser s\u00e9cher ;<\/li>\n<li>Dissoudre les d\u00e9p\u00f4ts et la rouille \u00e0 l\u2019int\u00e9rieur de l\u2019ionisateur avec le produit d\u00e9calcarisant sugg\u00e9r\u00e9 seulement apr\u00e8s 5 \u00e0 10 sessions ioniques ;<\/li>\n<li>\u00c9viter un trempage trop long ou trop fr\u00e9quent afin de pr\u00e9venir une usure chimique pr\u00e9matur\u00e9e des parties m\u00e9talliques et des soudures internes ;<\/li>\n<li>Immerger l\u2019ionisateur 15 minutes dans le produit pur et sans aucune dilution dans un contenant refermable en verre (style pot Masson) ou en plastique (style pot de yogourt) ;<\/li>\n<li>Conserver la solution utilis\u00e9e pour de futurs trempages et refermer le pot avec son couvercle, car le produit sera efficace pour 3 ou 4 nettoyages suppl\u00e9mentaires ;<\/li>\n<li>Essuyer d\u00e9licatement la rouille avec un chiffon et rincer abondamment la cartouche ionisante avec de l\u2019eau pour enlever les r\u00e9sidus et le produit restant.<\/li>\n<\/ul>\n","protected":false},"excerpt":{"rendered":"<p>Puissant nettoyant antirouille pour ioniseurs. Nettoie et dissout la rouille et le calcaire sur les g\u00e9n\u00e9rateurs d\u2019ions n\u00e9gatifs (cartouche ionisante ou ioniseur). Bouteille de 850ml d\u2019acide phosphorique sans dissolution.<\/p>\n<p>Voir la fiche signal\u00e9tique de ce produit via <a href=\"https:\/\/vitalaxion.com\/wp-content\/uploads\/2022\/10\/fiche_technique_DECALCAIREUR-fr.pdf\">ce fichier PDF<\/a>.<br \/>\nVoir la fiche de s\u00e9curit\u00e9 de ce produit via <a href=\"https:\/\/vitalaxion.com\/wp-content\/uploads\/2022\/10\/FDS-2021-02-LE-DECALCAIREUR.pdf\">ce fichier PDF<\/a>.<\/p>\n<p><a style=\"display: flex; flex-direction: column;\" href=\"https:\/\/vitalaxion.com\/wp-content\/uploads\/2023\/12\/Surf-pro-Nettoyeur-procedure.pdf\">Consulter la proc\u00e9dure de nettoyage<img decoding=\"async\" style=\"max-width: 80px;\" src=\"https:\/\/vitalaxion.com\/fr\/wp-content\/uploads\/2025\/12\/File_Pdf.png\" \/><\/a><\/p>\n","protected":false},"featured_media":61344,"template":"","meta":{"_acf_changed":false},"product_brand":[],"product_cat":[180],"product_tag":[181],"class_list":{"0":"post-5026","1":"product","2":"type-product","3":"status-publish","4":"has-post-thumbnail","6":"product_cat-articles-de-remplacement","7":"product_tag-produits-et-accessoires","8":"tm-no-options","10":"first","11":"outofstock","12":"taxable","13":"shipping-taxable","14":"purchasable","15":"product-type-simple"},"acf":[],"_links":{"self":[{"href":"https:\/\/vitalaxion.com\/fr\/wp-json\/wp\/v2\/product\/5026","targetHints":{"allow":["GET"]}}],"collection":[{"href":"https:\/\/vitalaxion.com\/fr\/wp-json\/wp\/v2\/product"}],"about":[{"href":"https:\/\/vitalaxion.com\/fr\/wp-json\/wp\/v2\/types\/product"}],"wp:featuredmedia":[{"embeddable":true,"href":"https:\/\/vitalaxion.com\/fr\/wp-json\/wp\/v2\/media\/61344"}],"wp:attachment":[{"href":"https:\/\/vitalaxion.com\/fr\/wp-json\/wp\/v2\/media?parent=5026"}],"wp:term":[{"taxonomy":"product_brand","embeddable":true,"href":"https:\/\/vitalaxion.com\/fr\/wp-json\/wp\/v2\/product_brand?post=5026"},{"taxonomy":"product_cat","embeddable":true,"href":"https:\/\/vitalaxion.com\/fr\/wp-json\/wp\/v2\/product_cat?post=5026"},{"taxonomy":"product_tag","embeddable":true,"href":"https:\/\/vitalaxion.com\/fr\/wp-json\/wp\/v2\/product_tag?post=5026"}],"curies":[{"name":"wp","href":"https:\/\/api.w.org\/{rel}","templated":true}]}}