{"id":49365,"date":"2023-04-14T18:53:26","date_gmt":"2023-04-14T22:53:26","guid":{"rendered":"https:\/\/amisun.biz\/cient\/vitalaxion\/fr\/?post_type=product&#038;p=49365"},"modified":"2026-03-18T05:41:41","modified_gmt":"2026-03-18T09:41:41","slug":"acide-citrique","status":"publish","type":"product","link":"https:\/\/vitalaxion.com\/fr\/produit\/acide-citrique\/","title":{"rendered":"Nettoyeur Acide Citrique"},"content":{"rendered":"<p>Nettoyeur Acide Citrique<\/p>\n<p>Doux nettoyant antirouille pour ioniseurs. Nettoie et dissout la rouille et le calcaire sur les g\u00e9n\u00e9rateurs d\u2019ions n\u00e9gatifs (cartouche ionisante ou ioniseur). Sachet de 250g de poudre d\u2019acide citrique \u00e9cologique.<\/p>\n<p><strong>PROC\u00c9DURE DE NETTOYAGE : Nettoyeur Acide Citrique &#8211; Pour bain ionique d\u00e9toxifiant VitalBody<\/strong><\/p>\n<ul>\n<li>Brosser et rincer les r\u00e9sidus importants de la cartouche ionisante sous l&rsquo;eau du robinet ;<\/li>\n<li>Dissoudre 4 cuill\u00e8res \u00e0 soupe d&rsquo;acide citrique (60 ml = 60 g) dans 1 litre d&rsquo;eau chaude ;<\/li>\n<li>Immerger la cartouche ionisante pr\u00e9lav\u00e9e dans la solution pendant 30 \u00e0 60 minutes dans un r\u00e9cipient refermable en verre (pot de Masson) ou en plastique (pot de yaourt) ;<\/li>\n<li>Dissoudre les d\u00e9p\u00f4ts et la rouille dans cette solution apr\u00e8s 5 s\u00e9ances ioniques ;<\/li>\n<li>\u00c9viter les trempages trop longs ou trop fr\u00e9quents pour r\u00e9duire l&rsquo;usure <span style=\"color: #333333;\"><a style=\"color: #333333;\" href=\"https:\/\/en.wikipedia.org\/wiki\/Chimique\" target=\"_blank\" rel=\"noopener\">chimique<\/a> <\/span>pr\u00e9matur\u00e9e du m\u00e9tal et des soudures internes ;<\/li>\n<li>Conservez la solution pour 3 ou 4 trempages suppl\u00e9mentaires avant de la renouveler ;<\/li>\n<li>Fermer le pot avec son couvercle ;<\/li>\n<li>Brosser et rincer abondamment la cartouche d&rsquo;ionisation avec de l&rsquo;eau pour \u00e9liminer les r\u00e9sidus et le produit restant ;<\/li>\n<li>Essuyez l&rsquo;exc\u00e8s d&rsquo;eau de la cartouche \u00e0 l&rsquo;aide d&rsquo;un chiffon.<\/li>\n<\/ul>\n<p>&nbsp;<\/p>\n","protected":false},"excerpt":{"rendered":"<p><strong>Sachet de 250g de poudre d\u2019acide citrique \u00e9cologique.<\/strong> Ce doux produit nettoyant pour ioniseurs est inclus par d\u00e9faut dans la <a href=\"https:\/\/vitalaxion.com\/fr\/produit\/vitalkit-simple\/\"><strong><u>trousse VitalKit<\/u><\/strong><\/a> simple ou double, un ensemble de produits utiles vendu avec notre bain ionique d\u00e9toxifiant multifonction <span style=\"text-decoration: underline;\"><a href=\"https:\/\/vitalaxion.com\/fr\/produit\/bain-ionique-vitalbody\/\"><strong><u>VitalBody 3 en 1<\/u><\/strong><\/a><\/span>. \u00a0L\u2019acide citrique peut nettoyer et dissoudre la rouille et les d\u00e9p\u00f4ts accumul\u00e9s sur les plaques m\u00e9talliques des g\u00e9n\u00e9rateurs d&rsquo;ions n\u00e9gatifs. De plus, l\u2019acide citrique en poudre offre les avantages suivants \u00e0 comparer du <a href=\"https:\/\/vitalaxion.com\/fr\/produit\/nettoyant-ioniseur\/\"><strong><u>d\u00e9calcaireur Surf-Pro liquide<\/u><\/strong><\/a> :<\/p>\n<ul>\n<li><span style=\"font-style: inherit; font-weight: inherit;\"><span style=\"font-style: inherit;\">Plus \u00e9cologique et non toxique<\/span><\/span><\/li>\n<li><span style=\"font-style: inherit; font-weight: inherit;\"><span style=\"font-style: inherit;\">Plus abordable et facile \u00e0 trouver<\/span><\/span><\/li>\n<li><span style=\"font-style: inherit; font-weight: inherit;\"><span style=\"font-style: inherit;\">Doux et moins agressif<\/span><\/span><\/li>\n<li><span style=\"font-style: inherit; font-weight: inherit;\"><span style=\"font-style: inherit;\">Accept\u00e9 par les transports internationaux<\/span><\/span><\/li>\n<li><span style=\"font-style: inherit; font-weight: inherit;\"><span style=\"font-style: inherit;\">Moins lourd et moins volumineux<\/span><\/span><\/li>\n<li><span style=\"font-style: inherit; font-weight: inherit;\"><span style=\"font-style: inherit;\">Sans risque de d\u00e9versement<\/span><\/span><\/li>\n<\/ul>\n<p><a style=\"display: flex; flex-direction: column;\" href=\"https:\/\/vitalaxion.com\/wp-content\/uploads\/2023\/12\/Acide-Citrique-Nettoyeur-procedure.pdf\"><strong>Consulter la proc\u00e9dure de nettoyage<\/strong><img decoding=\"async\" style=\"max-width: 80px;\" src=\"https:\/\/vitalaxion.com\/wp-content\/uploads\/2022\/10\/File_Pdf.png\" \/><\/a><\/p>\n","protected":false},"featured_media":61284,"template":"","meta":{"_acf_changed":false},"product_brand":[],"product_cat":[180],"product_tag":[181],"class_list":{"0":"post-49365","1":"product","2":"type-product","3":"status-publish","4":"has-post-thumbnail","6":"product_cat-articles-de-remplacement","7":"product_tag-produits-et-accessoires","8":"tm-no-options","10":"first","11":"instock","12":"taxable","13":"shipping-taxable","14":"purchasable","15":"product-type-simple"},"acf":[],"_links":{"self":[{"href":"https:\/\/vitalaxion.com\/fr\/wp-json\/wp\/v2\/product\/49365","targetHints":{"allow":["GET"]}}],"collection":[{"href":"https:\/\/vitalaxion.com\/fr\/wp-json\/wp\/v2\/product"}],"about":[{"href":"https:\/\/vitalaxion.com\/fr\/wp-json\/wp\/v2\/types\/product"}],"wp:featuredmedia":[{"embeddable":true,"href":"https:\/\/vitalaxion.com\/fr\/wp-json\/wp\/v2\/media\/61284"}],"wp:attachment":[{"href":"https:\/\/vitalaxion.com\/fr\/wp-json\/wp\/v2\/media?parent=49365"}],"wp:term":[{"taxonomy":"product_brand","embeddable":true,"href":"https:\/\/vitalaxion.com\/fr\/wp-json\/wp\/v2\/product_brand?post=49365"},{"taxonomy":"product_cat","embeddable":true,"href":"https:\/\/vitalaxion.com\/fr\/wp-json\/wp\/v2\/product_cat?post=49365"},{"taxonomy":"product_tag","embeddable":true,"href":"https:\/\/vitalaxion.com\/fr\/wp-json\/wp\/v2\/product_tag?post=49365"}],"curies":[{"name":"wp","href":"https:\/\/api.w.org\/{rel}","templated":true}]}}