{"id":4906,"date":"2022-10-26T19:32:52","date_gmt":"2022-10-26T23:32:52","guid":{"rendered":"https:\/\/amisun.biz\/cient\/vitalaxion\/fr\/?post_type=product&#038;p=4906"},"modified":"2026-01-27T06:24:25","modified_gmt":"2026-01-27T11:24:25","slug":"bloc-electrique-vitalbody","status":"publish","type":"product","link":"https:\/\/vitalaxion.com\/fr\/produit\/bloc-electrique-vitalbody\/","title":{"rendered":"Bloc \u00c9lectrique Universel"},"content":{"rendered":"<p><strong>Bloc \u00c9lectrique Universel<\/strong><\/p>\n<p><strong><a href=\"https:\/\/vitalaxion.com\/fr\/produit\/bain-ionique-vitalbody\/\">Notre appareil VitalBody 3 en 1<\/a><\/strong> inclut par d\u00e9faut ce bloc de conversion \u00e9lectrique.<\/p>\n<ul>\n<li>Convertisseur universel puissant 240W\/24V\/10A certifi\u00e9 UL, FCC et CE ;<\/li>\n<li>Accepte automatiquement le 110V ou le 220V avec protection de surtension ;<\/li>\n<li><b>Voyant vert<\/b> &#8211; de fonctionnement indiqu\u00e9 par la fl\u00e8che sur la fa\u00e7ade ;<\/li>\n<li>Garantie de 24 mois avec un co\u00fbt de remplacement de 95 $ CAD.<\/li>\n<\/ul>\n","protected":false},"excerpt":{"rendered":"<p><strong><a href=\"https:\/\/vitalaxion.com\/fr\/produit\/bain-ionique-vitalbody\/\">Notre appareil VitalBody 3 en 1<\/a><\/strong> inclut par d\u00e9faut ce bloc de conversion \u00e9lectrique.<\/p>\n<ul>\n<li>Convertisseur universel puissant 240W\/24V\/10A certifi\u00e9 UL, FCC et CE ;<\/li>\n<li>Accepte automatiquement le 110V ou le 220V avec protection de surtension ;<\/li>\n<li><b>Voyant vert<\/b> &#8211; de fonctionnement indiqu\u00e9 par la fl\u00e8che sur la fa\u00e7ade ;<\/li>\n<li>Garantie de 24 mois avec un co\u00fbt de remplacement de 95 $ CAD.<\/li>\n<\/ul>\n<p><!--[video width=\"1920\" height=\"1080\" mp4=\"https:\/\/vitalaxion.com\/wp-content\/uploads\/2023\/01\/Convertisseur-Courant-5.mp4\"][\/video]\n\n--><\/p>\n","protected":false},"featured_media":61398,"template":"","meta":{"_acf_changed":false},"product_brand":[],"product_cat":[180],"product_tag":[181],"class_list":{"0":"post-4906","1":"product","2":"type-product","3":"status-publish","4":"has-post-thumbnail","6":"product_cat-articles-de-remplacement","7":"product_tag-produits-et-accessoires","8":"tm-no-options","10":"first","11":"instock","12":"taxable","13":"shipping-taxable","14":"purchasable","15":"product-type-simple"},"acf":[],"_links":{"self":[{"href":"https:\/\/vitalaxion.com\/fr\/wp-json\/wp\/v2\/product\/4906","targetHints":{"allow":["GET"]}}],"collection":[{"href":"https:\/\/vitalaxion.com\/fr\/wp-json\/wp\/v2\/product"}],"about":[{"href":"https:\/\/vitalaxion.com\/fr\/wp-json\/wp\/v2\/types\/product"}],"wp:featuredmedia":[{"embeddable":true,"href":"https:\/\/vitalaxion.com\/fr\/wp-json\/wp\/v2\/media\/61398"}],"wp:attachment":[{"href":"https:\/\/vitalaxion.com\/fr\/wp-json\/wp\/v2\/media?parent=4906"}],"wp:term":[{"taxonomy":"product_brand","embeddable":true,"href":"https:\/\/vitalaxion.com\/fr\/wp-json\/wp\/v2\/product_brand?post=4906"},{"taxonomy":"product_cat","embeddable":true,"href":"https:\/\/vitalaxion.com\/fr\/wp-json\/wp\/v2\/product_cat?post=4906"},{"taxonomy":"product_tag","embeddable":true,"href":"https:\/\/vitalaxion.com\/fr\/wp-json\/wp\/v2\/product_tag?post=4906"}],"curies":[{"name":"wp","href":"https:\/\/api.w.org\/{rel}","templated":true}]}}