{"id":61400,"date":"2026-01-01T06:23:25","date_gmt":"2026-01-01T11:23:25","guid":{"rendered":"https:\/\/vitalaxion.com\/fr\/?page_id=61400"},"modified":"2026-01-21T03:31:37","modified_gmt":"2026-01-21T08:31:37","slug":"autres-appareils","status":"publish","type":"page","link":"https:\/\/vitalaxion.com\/fr\/autres-appareils\/","title":{"rendered":"AUTRES APPAREILS"},"content":{"rendered":"\t\t<div data-elementor-type=\"wp-page\" data-elementor-id=\"61400\" class=\"elementor elementor-61400\" data-elementor-post-type=\"page\">\n\t\t\t\t<div class=\"wd-negative-gap elementor-element elementor-element-7a2b184 e-flex e-con-boxed e-con e-parent\" data-id=\"7a2b184\" data-element_type=\"container\" data-e-type=\"container\">\n\t\t\t\t\t<div class=\"e-con-inner\">\n\t\t<div class=\"elementor-element elementor-element-0e60549 e-con-full e-flex e-con e-child\" data-id=\"0e60549\" data-element_type=\"container\" data-e-type=\"container\">\n\t\t\t\t<div class=\"elementor-element elementor-element-3ca2355 elementor-widget elementor-widget-heading\" data-id=\"3ca2355\" data-element_type=\"widget\" data-e-type=\"widget\" data-widget_type=\"heading.default\">\n\t\t\t\t<div class=\"elementor-widget-container\">\n\t\t\t\t\t<h1 class=\"elementor-heading-title elementor-size-default\">AUTRES APPAREILS<\/h1>\t\t\t\t<\/div>\n\t\t\t\t<\/div>\n\t\t\t\t<div class=\"elementor-element elementor-element-6568d2a elementor-widget elementor-widget-heading\" data-id=\"6568d2a\" data-element_type=\"widget\" data-e-type=\"widget\" data-widget_type=\"heading.default\">\n\t\t\t\t<div class=\"elementor-widget-container\">\n\t\t\t\t\t<p class=\"elementor-heading-title elementor-size-default\"><b>VitalZapper portable et protection VitalBrain<\/b>\n<\/p>\t\t\t\t<\/div>\n\t\t\t\t<\/div>\n\t\t\t\t<div class=\"elementor-element elementor-element-bee4f5c elementor-widget elementor-widget-image\" data-id=\"bee4f5c\" data-element_type=\"widget\" data-e-type=\"widget\" data-widget_type=\"image.default\">\n\t\t\t\t<div class=\"elementor-widget-container\">\n\t\t\t\t\t\t\t\t\t\t\t\t\t\t\t<img loading=\"lazy\" decoding=\"async\" width=\"1024\" height=\"315\" src=\"https:\/\/vitalaxion.com\/fr\/wp-content\/uploads\/2026\/01\/Other-Devices-1-1024x315.jpg\" class=\"attachment-large size-large wp-image-61402\" alt=\"\" srcset=\"https:\/\/vitalaxion.com\/fr\/wp-content\/uploads\/2026\/01\/Other-Devices-1-1024x315.jpg 1024w, https:\/\/vitalaxion.com\/fr\/wp-content\/uploads\/2026\/01\/Other-Devices-1-150x46.jpg 150w, https:\/\/vitalaxion.com\/fr\/wp-content\/uploads\/2026\/01\/Other-Devices-1-600x185.jpg 600w, https:\/\/vitalaxion.com\/fr\/wp-content\/uploads\/2026\/01\/Other-Devices-1-300x92.jpg 300w, https:\/\/vitalaxion.com\/fr\/wp-content\/uploads\/2026\/01\/Other-Devices-1-768x236.jpg 768w, https:\/\/vitalaxion.com\/fr\/wp-content\/uploads\/2026\/01\/Other-Devices-1.jpg 1190w\" sizes=\"auto, (max-width: 1024px) 100vw, 1024px\" title=\"\">\t\t\t\t\t\t\t\t\t\t\t\t\t\t\t<\/div>\n\t\t\t\t<\/div>\n\t\t\t\t<div class=\"elementor-element elementor-element-b30522d color-scheme-inherit text-left elementor-widget elementor-widget-text-editor\" data-id=\"b30522d\" data-element_type=\"widget\" data-e-type=\"widget\" data-widget_type=\"text-editor.default\">\n\t\t\t\t<div class=\"elementor-widget-container\">\n\t\t\t\t\t\t\t\t\t<p>Voici deux autres appareils que nous proposons dans notre <strong><a href=\"https:\/\/vitalaxion.com\/fr\/boutique\/\"><u>boutique en ligne.<\/u><\/a><\/strong><\/p>\t\t\t\t\t\t\t\t<\/div>\n\t\t\t\t<\/div>\n\t\t\t\t<div class=\"elementor-element elementor-element-e3dd53d color-scheme-inherit text-left elementor-widget elementor-widget-text-editor\" data-id=\"e3dd53d\" data-element_type=\"widget\" data-e-type=\"widget\" data-widget_type=\"text-editor.default\">\n\t\t\t\t<div class=\"elementor-widget-container\">\n\t\t\t\t\t\t\t\t\t<p><strong>Le <a href=\"https:\/\/vitalaxion.com\/fr\/vitalzapper\/\"><strong><span style=\"text-decoration: underline;\">VITALZAPPER<\/span><\/strong><\/a> est un g\u00e9n\u00e9rateur multifr\u00e9quences antiparasitaire sp\u00e9cialement con\u00e7u pour ceux qui ne poss\u00e8dent pas l\u2019ensemble <span style=\"text-decoration: underline;\"><a href=\"https:\/\/vitalaxion.com\/fr\/produit\/bain-ionique-vitalbody\/\"><strong><span style=\"text-decoration: underline;\">VITALBODY 3 EN 1<\/span><\/strong><\/a><\/span>. Pratique, compact et l\u00e9ger, cet appareil portable r\u00e9pond parfaitement aux besoins des voyageurs fr\u00e9quents et des utilisateurs souhaitant le proposer en location mensuelle \u00e0 leurs clients.<\/strong><\/p>\t\t\t\t\t\t\t\t<\/div>\n\t\t\t\t<\/div>\n\t\t\t\t<div class=\"elementor-element elementor-element-d48e8f0 color-scheme-inherit text-left elementor-widget elementor-widget-text-editor\" data-id=\"d48e8f0\" data-element_type=\"widget\" data-e-type=\"widget\" data-widget_type=\"text-editor.default\">\n\t\t\t\t<div class=\"elementor-widget-container\">\n\t\t\t\t\t\t\t\t\t<p><strong>Le VITALBRAIN est un \u00e9couteur anti-radiations dot\u00e9 d&rsquo;un petit conduit d&rsquo;air bloquant totalement les rayonnements \u00e9mis par votre appareil portable.<\/strong> Votre t\u00eate sera prot\u00e9g\u00e9e et la quasi-totalit\u00e9 des effets secondaires ind\u00e9sirables sera \u00e9limin\u00e9e. Le <a href=\"https:\/\/vitalaxion.com\/fr\/vitalbrain\/\"><span style=\"text-decoration: underline;\"><strong>VitalBrain<\/strong><\/span><\/a> est donc id\u00e9al pour les personnes \u00e9lectrosensibles ou tout utilisateur de t\u00e9l\u00e9phone portable soucieux de sa sant\u00e9 et pr\u00e9occup\u00e9 par les dangers des champs \u00e9lectromagn\u00e9tiques (CEM).<\/p>\t\t\t\t\t\t\t\t<\/div>\n\t\t\t\t<\/div>\n\t\t\t\t<\/div>\n\t\t\t\t\t<\/div>\n\t\t\t\t<\/div>\n\t\t<div class=\"wd-negative-gap elementor-element elementor-element-16c0499 e-flex e-con-boxed e-con e-parent\" data-id=\"16c0499\" data-element_type=\"container\" data-e-type=\"container\">\n\t\t\t\t\t<div class=\"e-con-inner\">\n\t\t<div class=\"elementor-element elementor-element-823c040 e-con-full e-flex e-con e-child\" data-id=\"823c040\" data-element_type=\"container\" data-e-type=\"container\">\n\t\t\t\t<div class=\"elementor-element elementor-element-576d058 elementor-widget elementor-widget-image\" data-id=\"576d058\" data-element_type=\"widget\" data-e-type=\"widget\" data-widget_type=\"image.default\">\n\t\t\t\t<div class=\"elementor-widget-container\">\n\t\t\t\t\t\t\t\t\t\t\t\t\t\t\t<img loading=\"lazy\" decoding=\"async\" width=\"600\" height=\"622\" src=\"https:\/\/vitalaxion.com\/fr\/wp-content\/uploads\/2026\/01\/Picture1.jpg-1.png\" class=\"attachment-large size-large wp-image-61472\" alt=\"\" srcset=\"https:\/\/vitalaxion.com\/fr\/wp-content\/uploads\/2026\/01\/Picture1.jpg-1.png 600w, https:\/\/vitalaxion.com\/fr\/wp-content\/uploads\/2026\/01\/Picture1.jpg-1-150x156.png 150w, https:\/\/vitalaxion.com\/fr\/wp-content\/uploads\/2026\/01\/Picture1.jpg-1-289x300.png 289w\" sizes=\"auto, (max-width: 600px) 100vw, 600px\" title=\"\">\t\t\t\t\t\t\t\t\t\t\t\t\t\t\t<\/div>\n\t\t\t\t<\/div>\n\t\t\t\t<div class=\"elementor-element elementor-element-cd9fdd0 elementor-align-center btn-1 elementor-widget elementor-widget-button\" data-id=\"cd9fdd0\" data-element_type=\"widget\" data-e-type=\"widget\" data-widget_type=\"button.default\">\n\t\t\t\t<div class=\"elementor-widget-container\">\n\t\t\t\t\t\t\t\t\t<div class=\"elementor-button-wrapper\">\n\t\t\t\t\t<a class=\"elementor-button elementor-button-link elementor-size-lg\" href=\"https:\/\/vitalaxion.com\/fr\/vitalzapper\/\">\n\t\t\t\t\t\t<span class=\"elementor-button-content-wrapper\">\n\t\t\t\t\t\t\t\t\t<span class=\"elementor-button-text\">EN SAVOIR PLUS SUR LE VITALZAPPER<\/span>\n\t\t\t\t\t<\/span>\n\t\t\t\t\t<\/a>\n\t\t\t\t<\/div>\n\t\t\t\t\t\t\t\t<\/div>\n\t\t\t\t<\/div>\n\t\t\t\t<\/div>\n\t\t<div class=\"elementor-element elementor-element-23efb32 e-con-full e-flex e-con e-child\" data-id=\"23efb32\" data-element_type=\"container\" data-e-type=\"container\">\n\t\t\t\t<div class=\"elementor-element elementor-element-3c69b3f elementor-widget elementor-widget-image\" data-id=\"3c69b3f\" data-element_type=\"widget\" data-e-type=\"widget\" data-widget_type=\"image.default\">\n\t\t\t\t<div class=\"elementor-widget-container\">\n\t\t\t\t\t\t\t\t\t\t\t\t\t\t\t<img loading=\"lazy\" decoding=\"async\" width=\"965\" height=\"1001\" src=\"https:\/\/vitalaxion.com\/fr\/wp-content\/uploads\/2026\/01\/VitalBrain-picture2_FR-1.jpg\" class=\"attachment-large size-large wp-image-61405\" alt=\"\" srcset=\"https:\/\/vitalaxion.com\/fr\/wp-content\/uploads\/2026\/01\/VitalBrain-picture2_FR-1.jpg 965w, https:\/\/vitalaxion.com\/fr\/wp-content\/uploads\/2026\/01\/VitalBrain-picture2_FR-1-150x156.jpg 150w, https:\/\/vitalaxion.com\/fr\/wp-content\/uploads\/2026\/01\/VitalBrain-picture2_FR-1-600x622.jpg 600w, https:\/\/vitalaxion.com\/fr\/wp-content\/uploads\/2026\/01\/VitalBrain-picture2_FR-1-289x300.jpg 289w, https:\/\/vitalaxion.com\/fr\/wp-content\/uploads\/2026\/01\/VitalBrain-picture2_FR-1-768x797.jpg 768w\" sizes=\"auto, (max-width: 965px) 100vw, 965px\" title=\"\">\t\t\t\t\t\t\t\t\t\t\t\t\t\t\t<\/div>\n\t\t\t\t<\/div>\n\t\t\t\t<div class=\"elementor-element elementor-element-a83caf9 elementor-align-center btn-1 elementor-widget elementor-widget-button\" data-id=\"a83caf9\" data-element_type=\"widget\" data-e-type=\"widget\" data-widget_type=\"button.default\">\n\t\t\t\t<div class=\"elementor-widget-container\">\n\t\t\t\t\t\t\t\t\t<div class=\"elementor-button-wrapper\">\n\t\t\t\t\t<a class=\"elementor-button elementor-button-link elementor-size-lg\" href=\"https:\/\/vitalaxion.com\/fr\/vitalbrain\/\">\n\t\t\t\t\t\t<span class=\"elementor-button-content-wrapper\">\n\t\t\t\t\t\t\t\t\t<span class=\"elementor-button-text\">EN SAVOIR PLUS SUR LE VITALBRAIN<\/span>\n\t\t\t\t\t<\/span>\n\t\t\t\t\t<\/a>\n\t\t\t\t<\/div>\n\t\t\t\t\t\t\t\t<\/div>\n\t\t\t\t<\/div>\n\t\t\t\t<\/div>\n\t\t\t\t\t<\/div>\n\t\t\t\t<\/div>\n\t\t\t\t<\/div>\n\t\t","protected":false},"excerpt":{"rendered":"<p>AUTRES APPAREILS VitalZapper portable et protection VitalBrain Voici deux autres appareils que nous proposons dans notre boutique en ligne. Le<\/p>\n","protected":false},"author":26,"featured_media":0,"parent":0,"menu_order":0,"comment_status":"closed","ping_status":"closed","template":"elementor_header_footer","meta":{"_acf_changed":false,"footnotes":""},"class_list":["post-61400","page","type-page","status-publish","hentry"],"acf":[],"_links":{"self":[{"href":"https:\/\/vitalaxion.com\/fr\/wp-json\/wp\/v2\/pages\/61400","targetHints":{"allow":["GET"]}}],"collection":[{"href":"https:\/\/vitalaxion.com\/fr\/wp-json\/wp\/v2\/pages"}],"about":[{"href":"https:\/\/vitalaxion.com\/fr\/wp-json\/wp\/v2\/types\/page"}],"author":[{"embeddable":true,"href":"https:\/\/vitalaxion.com\/fr\/wp-json\/wp\/v2\/users\/26"}],"replies":[{"embeddable":true,"href":"https:\/\/vitalaxion.com\/fr\/wp-json\/wp\/v2\/comments?post=61400"}],"version-history":[{"count":0,"href":"https:\/\/vitalaxion.com\/fr\/wp-json\/wp\/v2\/pages\/61400\/revisions"}],"wp:attachment":[{"href":"https:\/\/vitalaxion.com\/fr\/wp-json\/wp\/v2\/media?parent=61400"}],"curies":[{"name":"wp","href":"https:\/\/api.w.org\/{rel}","templated":true}]}}