{"id":6011,"date":"2022-11-28T14:17:03","date_gmt":"2022-11-28T19:17:03","guid":{"rendered":"https:\/\/amisun.biz\/cient\/vitalaxion\/fr\/?page_id=6011"},"modified":"2026-01-27T23:34:43","modified_gmt":"2026-01-28T04:34:43","slug":"localisateur-de-session","status":"publish","type":"page","link":"https:\/\/vitalaxion.com\/fr\/localisateur-de-session\/","title":{"rendered":"Localisateur de Session"},"content":{"rendered":"\t\t<div data-elementor-type=\"wp-page\" data-elementor-id=\"6011\" class=\"elementor elementor-6011\" data-elementor-post-type=\"page\">\n\t\t\t\t<div class=\"wd-negative-gap elementor-element elementor-element-efd38ae e-flex e-con-boxed e-con e-parent\" data-id=\"efd38ae\" data-element_type=\"container\" data-e-type=\"container\">\n\t\t\t\t\t<div class=\"e-con-inner\">\n\t\t<div class=\"elementor-element elementor-element-b3eaabd e-con-full e-flex e-con e-child\" data-id=\"b3eaabd\" data-element_type=\"container\" data-e-type=\"container\" data-settings=\"{&quot;background_background&quot;:&quot;classic&quot;}\">\n\t\t<div class=\"elementor-element elementor-element-59680c0 e-con-full e-flex e-con e-child\" data-id=\"59680c0\" data-element_type=\"container\" data-e-type=\"container\">\n\t\t\t\t<div class=\"elementor-element elementor-element-71de553 elementor-widget elementor-widget-heading\" data-id=\"71de553\" data-element_type=\"widget\" data-e-type=\"widget\" data-widget_type=\"heading.default\">\n\t\t\t\t<div class=\"elementor-widget-container\">\n\t\t\t\t\t<h1 class=\"elementor-heading-title elementor-size-default\">Localisateur de session<\/h1>\t\t\t\t<\/div>\n\t\t\t\t<\/div>\n\t\t\t\t<div class=\"elementor-element elementor-element-679fc04 elementor-widget elementor-widget-woocommerce-breadcrumb\" data-id=\"679fc04\" data-element_type=\"widget\" data-e-type=\"widget\" data-widget_type=\"woocommerce-breadcrumb.default\">\n\t\t\t\t<div class=\"elementor-widget-container\">\n\t\t\t\t\t<nav class=\"wd-breadcrumbs woocommerce-breadcrumb\" aria-label=\"Breadcrumb\">\t\t\t\t<span class=\"wd-last\">\n\t\t\t\t\tAccueil\t\t\t\t<\/span>\n\t\t\t<\/nav>\t\t\t\t<\/div>\n\t\t\t\t<\/div>\n\t\t\t\t<\/div>\n\t\t\t\t<\/div>\n\t\t\t\t\t<\/div>\n\t\t\t\t<\/div>\n\t\t<div class=\"wd-negative-gap elementor-element elementor-element-2cc2ad0 e-flex e-con-boxed e-con e-parent\" data-id=\"2cc2ad0\" data-element_type=\"container\" data-e-type=\"container\">\n\t\t\t\t\t<div class=\"e-con-inner\">\n\t\t<div class=\"wd-negative-gap elementor-element elementor-element-1847ed0 e-flex e-con-boxed e-con e-child\" data-id=\"1847ed0\" data-element_type=\"container\" data-e-type=\"container\">\n\t\t\t\t\t<div class=\"e-con-inner\">\n\t\t\t\t<div class=\"elementor-element elementor-element-2f07301 elementor-widget elementor-widget-heading\" data-id=\"2f07301\" data-element_type=\"widget\" data-e-type=\"widget\" data-widget_type=\"heading.default\">\n\t\t\t\t<div class=\"elementor-widget-container\">\n\t\t\t\t\t<h2 class=\"elementor-heading-title elementor-size-default\">S\u00e9ances Offertes<\/h2>\t\t\t\t<\/div>\n\t\t\t\t<\/div>\n\t\t\t\t<div class=\"elementor-element elementor-element-de7625d color-scheme-inherit text-left elementor-widget elementor-widget-text-editor\" data-id=\"de7625d\" data-element_type=\"widget\" data-e-type=\"widget\" data-widget_type=\"text-editor.default\">\n\t\t\t\t<div class=\"elementor-widget-container\">\n\t\t\t\t\t\t\t\t\t<p><strong>Consultez la carte g\u00e9ographique et le moteur de recherche ci-dessous afin de localiser nos usagers<\/strong>\u00a0offrant volontairement des s\u00e9ances sur rendez-vous selon leurs propres conditions tarifaires. Il suffit d\u2019inscrire votre adresse dans la barre de recherche ou d\u2019agrandir votre r\u00e9gion sur la carte.<\/p><p><a href=\"https:\/\/vitalaxion.com\/fr\/contacter\"><strong>Communiquez avec nous<\/strong><\/a>\u00a0si aucun point de service n\u2019est offert localement. L\u2019achat d\u2019un appareil pr\u00e9voit une garantie de satisfaction de 30\u00a0jours permettant d\u2019effectuer des s\u00e9ances \u00e0 volont\u00e9 pendant un mois \u00e0 votre domicile.<\/p><p><a href=\"https:\/\/vitalaxion.com\/fr\/ou-faire-une-seance\/inscrire-mes-coordonnees\/\"><strong>Cliquez sur ce lien<\/strong><\/a>\u00a0si vous d\u00e9sirez\u00a0<strong>offrir vos services<\/strong>.<\/p>\t\t\t\t\t\t\t\t<\/div>\n\t\t\t\t<\/div>\n\t\t\t\t\t<\/div>\n\t\t\t\t<\/div>\n\t\t<div class=\"wd-negative-gap elementor-element elementor-element-6e57553 e-flex e-con-boxed e-con e-child\" data-id=\"6e57553\" data-element_type=\"container\" data-e-type=\"container\">\n\t\t\t\t\t<div class=\"e-con-inner\">\n\t\t\t\t<div class=\"elementor-element elementor-element-fb11609 elementor-widget elementor-widget-image\" data-id=\"fb11609\" data-element_type=\"widget\" data-e-type=\"widget\" data-widget_type=\"image.default\">\n\t\t\t\t<div class=\"elementor-widget-container\">\n\t\t\t\t\t\t\t\t\t\t\t\t\t\t\t<img loading=\"lazy\" decoding=\"async\" width=\"1000\" height=\"667\" src=\"https:\/\/vitalaxion.com\/fr\/wp-content\/uploads\/2025\/12\/session-locator-canda-vitalaxion-1.jpg\" class=\"attachment-large size-large wp-image-61160\" alt=\"\" srcset=\"https:\/\/vitalaxion.com\/fr\/wp-content\/uploads\/2025\/12\/session-locator-canda-vitalaxion-1.jpg 1000w, https:\/\/vitalaxion.com\/fr\/wp-content\/uploads\/2025\/12\/session-locator-canda-vitalaxion-1-150x100.jpg 150w, https:\/\/vitalaxion.com\/fr\/wp-content\/uploads\/2025\/12\/session-locator-canda-vitalaxion-1-600x400.jpg 600w, https:\/\/vitalaxion.com\/fr\/wp-content\/uploads\/2025\/12\/session-locator-canda-vitalaxion-1-300x200.jpg 300w, https:\/\/vitalaxion.com\/fr\/wp-content\/uploads\/2025\/12\/session-locator-canda-vitalaxion-1-768x512.jpg 768w\" sizes=\"auto, (max-width: 1000px) 100vw, 1000px\" title=\"\">\t\t\t\t\t\t\t\t\t\t\t\t\t\t\t<\/div>\n\t\t\t\t<\/div>\n\t\t\t\t\t<\/div>\n\t\t\t\t<\/div>\n\t\t\t\t\t<\/div>\n\t\t\t\t<\/div>\n\t\t<div class=\"wd-negative-gap elementor-element elementor-element-57b0fe2 title-sec elementor-hidden-desktop elementor-hidden-tablet elementor-hidden-mobile e-flex e-con-boxed e-con e-parent\" data-id=\"57b0fe2\" data-element_type=\"container\" data-e-type=\"container\">\n\t\t\t\t\t<div class=\"e-con-inner\">\n\t\t\t\t<div class=\"elementor-element elementor-element-3ba93d0 elementor-widget elementor-widget-image\" data-id=\"3ba93d0\" data-element_type=\"widget\" data-e-type=\"widget\" data-widget_type=\"image.default\">\n\t\t\t\t<div class=\"elementor-widget-container\">\n\t\t\t\t\t\t\t\t\t\t\t\t\t\t\t<img loading=\"lazy\" decoding=\"async\" width=\"1375\" height=\"529\" src=\"https:\/\/vitalaxion.com\/fr\/wp-content\/uploads\/2026\/01\/VitalAxion_Banniere_Where.jpg\" class=\"attachment-full size-full wp-image-61761\" alt=\"\" srcset=\"https:\/\/vitalaxion.com\/fr\/wp-content\/uploads\/2026\/01\/VitalAxion_Banniere_Where.jpg 1375w, https:\/\/vitalaxion.com\/fr\/wp-content\/uploads\/2026\/01\/VitalAxion_Banniere_Where-150x58.jpg 150w, https:\/\/vitalaxion.com\/fr\/wp-content\/uploads\/2026\/01\/VitalAxion_Banniere_Where-600x231.jpg 600w, https:\/\/vitalaxion.com\/fr\/wp-content\/uploads\/2026\/01\/VitalAxion_Banniere_Where-300x115.jpg 300w, https:\/\/vitalaxion.com\/fr\/wp-content\/uploads\/2026\/01\/VitalAxion_Banniere_Where-1024x394.jpg 1024w, https:\/\/vitalaxion.com\/fr\/wp-content\/uploads\/2026\/01\/VitalAxion_Banniere_Where-768x295.jpg 768w\" sizes=\"auto, (max-width: 1375px) 100vw, 1375px\" title=\"\">\t\t\t\t\t\t\t\t\t\t\t\t\t\t\t<\/div>\n\t\t\t\t<\/div>\n\t\t\t\t\t<\/div>\n\t\t\t\t<\/div>\n\t\t<div class=\"wd-negative-gap elementor-element elementor-element-d76b631 e-flex e-con-boxed e-con e-parent\" data-id=\"d76b631\" data-element_type=\"container\" data-e-type=\"container\">\n\t\t\t\t\t<div class=\"e-con-inner\">\n\t\t\t\t<div class=\"elementor-element elementor-element-1f9f197 elementor-widget elementor-widget-html\" data-id=\"1f9f197\" data-element_type=\"widget\" data-e-type=\"widget\" data-widget_type=\"html.default\">\n\t\t\t\t<div class=\"elementor-widget-container\">\n\t\t\t\t\t<style>\r\n  .vx-maplist-iframe {\r\n    width: 100%;\r\n    height: 680px;           \/* Desktop *\/\r\n    border: 0;\r\n    border-radius: 0 !important;   \/* \ud83d\udd25 force remove *\/\r\n    display: block;\r\n    overflow: hidden;\r\n  }\r\n\r\n  \/* Tablet *\/\r\n  @media (max-width: 1024px) {\r\n    .vx-maplist-iframe {\r\n      height: 1400px;\r\n    }\r\n  }\r\n\r\n  \/* Mobile *\/\r\n  @media (max-width: 767px) {\r\n    .vx-maplist-iframe {\r\n      height: 1520px;\r\n    }\r\n  }\r\n<\/style>\r\n\r\n<iframe\r\n  class=\"vx-maplist-iframe\"\r\n  src=\"https:\/\/vitalaxion.com\/embed\/maplist-clean\/\"\r\n  loading=\"lazy\"\r\n  scrolling=\"no\"\r\n><\/iframe>\r\n\t\t\t\t<\/div>\n\t\t\t\t<\/div>\n\t\t\t\t<div class=\"elementor-element elementor-element-4edaea4 locations elementor-hidden-desktop elementor-hidden-tablet elementor-hidden-mobile elementor-widget elementor-widget-shortcode\" data-id=\"4edaea4\" data-element_type=\"widget\" data-e-type=\"widget\" data-widget_type=\"shortcode.default\">\n\t\t\t\t<div class=\"elementor-widget-container\">\n\t\t\t\t\t\t\t<div class=\"elementor-shortcode\">[maplist categories=\"46,47,48\" showdirections=\"false\" geoenabled=\"true\" initialsorttype=\"distance\" hideviewdetailbuttons=\"true\" keepzoomlevel=\"true\" selectedzoomlevel=\"16\" simplesearch=\"false\" locationsperpage=\"8\" mapposition=\"rightmap\" searchdistances=\"20,50,100\"]<\/div>\n\t\t\t\t\t\t<\/div>\n\t\t\t\t<\/div>\n\t\t\t\t\t<\/div>\n\t\t\t\t<\/div>\n\t\t\t\t<\/div>\n\t\t","protected":false},"excerpt":{"rendered":"<p>Localisateur de session S\u00e9ances Offertes Consultez la carte g\u00e9ographique et le moteur de recherche ci-dessous afin de localiser nos usagers\u00a0offrant<\/p>\n","protected":false},"author":64,"featured_media":0,"parent":0,"menu_order":0,"comment_status":"closed","ping_status":"closed","template":"elementor_header_footer","meta":{"_acf_changed":false,"footnotes":""},"class_list":["post-6011","page","type-page","status-publish","hentry"],"acf":[],"_links":{"self":[{"href":"https:\/\/vitalaxion.com\/fr\/wp-json\/wp\/v2\/pages\/6011","targetHints":{"allow":["GET"]}}],"collection":[{"href":"https:\/\/vitalaxion.com\/fr\/wp-json\/wp\/v2\/pages"}],"about":[{"href":"https:\/\/vitalaxion.com\/fr\/wp-json\/wp\/v2\/types\/page"}],"author":[{"embeddable":true,"href":"https:\/\/vitalaxion.com\/fr\/wp-json\/wp\/v2\/users\/64"}],"replies":[{"embeddable":true,"href":"https:\/\/vitalaxion.com\/fr\/wp-json\/wp\/v2\/comments?post=6011"}],"version-history":[{"count":0,"href":"https:\/\/vitalaxion.com\/fr\/wp-json\/wp\/v2\/pages\/6011\/revisions"}],"wp:attachment":[{"href":"https:\/\/vitalaxion.com\/fr\/wp-json\/wp\/v2\/media?parent=6011"}],"curies":[{"name":"wp","href":"https:\/\/api.w.org\/{rel}","templated":true}]}}