{"id":47838,"date":"2023-03-09T11:44:47","date_gmt":"2023-03-09T16:44:47","guid":{"rendered":"https:\/\/amisun.biz\/cient\/vitalaxion\/fr\/?page_id=47838"},"modified":"2025-12-29T07:05:25","modified_gmt":"2025-12-29T12:05:25","slug":"remises-promotionelles","status":"publish","type":"page","link":"https:\/\/vitalaxion.com\/fr\/a-propos\/remises-promotionelles\/","title":{"rendered":"REMISES PROMOTIONELLES"},"content":{"rendered":"\t\t<div data-elementor-type=\"wp-page\" data-elementor-id=\"47838\" class=\"elementor elementor-47838\" data-elementor-post-type=\"page\">\n\t\t\t\t<div class=\"wd-negative-gap elementor-element elementor-element-40e0da3 e-flex e-con-boxed e-con e-parent\" data-id=\"40e0da3\" data-element_type=\"container\" data-e-type=\"container\">\n\t\t\t\t\t<div class=\"e-con-inner\">\n\t\t\t\t<div class=\"elementor-element elementor-element-ebbdfea elementor-widget elementor-widget-image\" data-id=\"ebbdfea\" data-element_type=\"widget\" data-e-type=\"widget\" data-widget_type=\"image.default\">\n\t\t\t\t<div class=\"elementor-widget-container\">\n\t\t\t\t\t\t\t\t\t\t\t\t\t\t\t<img decoding=\"async\" width=\"1024\" height=\"439\" src=\"https:\/\/vitalaxion.com\/fr\/wp-content\/uploads\/2025\/12\/Recompenses-VitalBody-min-1024x439-1.webp\" class=\"attachment-large size-large wp-image-61022\" alt=\"\" srcset=\"https:\/\/vitalaxion.com\/fr\/wp-content\/uploads\/2025\/12\/Recompenses-VitalBody-min-1024x439-1.webp 1024w, https:\/\/vitalaxion.com\/fr\/wp-content\/uploads\/2025\/12\/Recompenses-VitalBody-min-1024x439-1-150x64.webp 150w, https:\/\/vitalaxion.com\/fr\/wp-content\/uploads\/2025\/12\/Recompenses-VitalBody-min-1024x439-1-600x257.webp 600w, https:\/\/vitalaxion.com\/fr\/wp-content\/uploads\/2025\/12\/Recompenses-VitalBody-min-1024x439-1-300x129.webp 300w, https:\/\/vitalaxion.com\/fr\/wp-content\/uploads\/2025\/12\/Recompenses-VitalBody-min-1024x439-1-768x329.webp 768w\" sizes=\"(max-width: 1024px) 100vw, 1024px\" title=\"\">\t\t\t\t\t\t\t\t\t\t\t\t\t\t\t<\/div>\n\t\t\t\t<\/div>\n\t\t\t\t\t<\/div>\n\t\t\t\t<\/div>\n\t\t<div class=\"wd-negative-gap elementor-element elementor-element-79a802a e-flex e-con-boxed e-con e-parent\" data-id=\"79a802a\" data-element_type=\"container\" data-e-type=\"container\">\n\t\t\t\t\t<div class=\"e-con-inner\">\n\t\t\t\t<div class=\"elementor-element elementor-element-3fff584 elementor-widget elementor-widget-heading\" data-id=\"3fff584\" data-element_type=\"widget\" data-e-type=\"widget\" data-widget_type=\"heading.default\">\n\t\t\t\t<div class=\"elementor-widget-container\">\n\t\t\t\t\t<h1 class=\"elementor-heading-title elementor-size-default\">Remises Promotionnelles<\/h1>\t\t\t\t<\/div>\n\t\t\t\t<\/div>\n\t\t\t\t<div class=\"elementor-element elementor-element-8461d98 color-scheme-inherit text-left elementor-widget elementor-widget-text-editor\" data-id=\"8461d98\" data-element_type=\"widget\" data-e-type=\"widget\" data-widget_type=\"text-editor.default\">\n\t\t\t\t<div class=\"elementor-widget-container\">\n\t\t\t\t\t\t\t\t\t<p>Afin de r\u00e9compenser et d\u2019encourager la publicit\u00e9 bouche-\u00e0-oreille, VITALAXION offre des primes \u00e0 tous ses usagers contribuant \u00e0 la vente d\u2019un ensemble VitalBody 3 en 1. Ces remises offertes ne peuvent pas \u00eatre combin\u00e9es et sont exclusives \u00e0 notre client\u00e8le d\u00e9j\u00e0 propri\u00e9taire d\u2019un VitalBody 3 en 1 ou d\u2019un ancien mod\u00e8le Flex-Ion-Zapper fabriqu\u00e9 par ECODETOX.<\/p>\t\t\t\t\t\t\t\t<\/div>\n\t\t\t\t<\/div>\n\t\t\t\t\t<\/div>\n\t\t\t\t<\/div>\n\t\t<div class=\"wd-negative-gap elementor-element elementor-element-1b69105 e-flex e-con-boxed e-con e-parent\" data-id=\"1b69105\" data-element_type=\"container\" data-e-type=\"container\">\n\t\t\t\t\t<div class=\"e-con-inner\">\n\t\t<div class=\"elementor-element elementor-element-7b80b5a e-con-full e-flex e-con e-child\" data-id=\"7b80b5a\" data-element_type=\"container\" data-e-type=\"container\" data-settings=\"{&quot;background_background&quot;:&quot;classic&quot;}\">\n\t\t\t\t<div class=\"elementor-element elementor-element-f87f233 elementor-widget elementor-widget-heading\" data-id=\"f87f233\" data-element_type=\"widget\" data-e-type=\"widget\" data-widget_type=\"heading.default\">\n\t\t\t\t<div class=\"elementor-widget-container\">\n\t\t\t\t\t<h2 class=\"elementor-heading-title elementor-size-default\">PRIME DE VENTE UNIQUE<\/h2>\t\t\t\t<\/div>\n\t\t\t\t<\/div>\n\t\t\t\t<div class=\"elementor-element elementor-element-b2ce286 elementor-icon-list--layout-traditional elementor-list-item-link-full_width elementor-widget elementor-widget-icon-list\" data-id=\"b2ce286\" data-element_type=\"widget\" data-e-type=\"widget\" data-widget_type=\"icon-list.default\">\n\t\t\t\t<div class=\"elementor-widget-container\">\n\t\t\t\t\t\t\t<ul class=\"elementor-icon-list-items\">\n\t\t\t\t\t\t\t<li class=\"elementor-icon-list-item\">\n\t\t\t\t\t\t\t\t\t\t\t<span class=\"elementor-icon-list-icon\">\n\t\t\t\t\t\t\t<i aria-hidden=\"true\" class=\"fas fa-check\"><\/i>\t\t\t\t\t\t<\/span>\n\t\t\t\t\t\t\t\t\t\t<span class=\"elementor-icon-list-text\">100 $ en cr\u00e9dit d\u2019achat est offert apr\u00e8s chaque vente d\u2019un ensemble VitalBody 3 en 1.<\/span>\n\t\t\t\t\t\t\t\t\t<\/li>\n\t\t\t\t\t\t<\/ul>\n\t\t\t\t\t\t<\/div>\n\t\t\t\t<\/div>\n\t\t\t\t<\/div>\n\t\t<div class=\"elementor-element elementor-element-fbe82b6 e-con-full e-flex e-con e-child\" data-id=\"fbe82b6\" data-element_type=\"container\" data-e-type=\"container\">\n\t\t\t\t<div class=\"elementor-element elementor-element-b55fb3f elementor-widget elementor-widget-heading\" data-id=\"b55fb3f\" data-element_type=\"widget\" data-e-type=\"widget\" data-widget_type=\"heading.default\">\n\t\t\t\t<div class=\"elementor-widget-container\">\n\t\t\t\t\t<div class=\"elementor-heading-title elementor-size-default\">OU<\/div>\t\t\t\t<\/div>\n\t\t\t\t<\/div>\n\t\t\t\t<\/div>\n\t\t<div class=\"elementor-element elementor-element-9672a3b e-con-full e-flex e-con e-child\" data-id=\"9672a3b\" data-element_type=\"container\" data-e-type=\"container\" data-settings=\"{&quot;background_background&quot;:&quot;classic&quot;}\">\n\t\t\t\t<div class=\"elementor-element elementor-element-adeba31 elementor-widget elementor-widget-heading\" data-id=\"adeba31\" data-element_type=\"widget\" data-e-type=\"widget\" data-widget_type=\"heading.default\">\n\t\t\t\t<div class=\"elementor-widget-container\">\n\t\t\t\t\t<h2 class=\"elementor-heading-title elementor-size-default\">PRIME DE VENTE MULTIPLE excluant le VitalKit\n<\/h2>\t\t\t\t<\/div>\n\t\t\t\t<\/div>\n\t\t\t\t<div class=\"elementor-element elementor-element-8c8bc56 elementor-list-item-link-full_width elementor-widget elementor-widget-icon-list\" data-id=\"8c8bc56\" data-element_type=\"widget\" data-e-type=\"widget\" data-widget_type=\"icon-list.default\">\n\t\t\t\t<div class=\"elementor-widget-container\">\n\t\t\t\t\t\t\t<ul class=\"elementor-icon-list-items\">\n\t\t\t\t\t\t\t<li class=\"elementor-icon-list-item\">\n\t\t\t\t\t\t\t\t\t\t\t<span class=\"elementor-icon-list-icon\">\n\t\t\t\t\t\t\t<i aria-hidden=\"true\" class=\"fas fa-check\"><\/i>\t\t\t\t\t\t<\/span>\n\t\t\t\t\t\t\t\t\t\t<span class=\"elementor-icon-list-text\">VitalBody 3 en 1 activ\u00e9 en simple gratuit apr\u00e8s la vente cumulative de 4 ensembles VitalBody identiques et cela, sans aucune limite de temps pour atteindre cet objectif.<\/span>\n\t\t\t\t\t\t\t\t\t<\/li>\n\t\t\t\t\t\t<\/ul>\n\t\t\t\t\t\t<\/div>\n\t\t\t\t<\/div>\n\t\t\t\t<div class=\"elementor-element elementor-element-70eb4ca elementor-icon-list--layout-traditional elementor-list-item-link-full_width elementor-widget elementor-widget-icon-list\" data-id=\"70eb4ca\" data-element_type=\"widget\" data-e-type=\"widget\" data-widget_type=\"icon-list.default\">\n\t\t\t\t<div class=\"elementor-widget-container\">\n\t\t\t\t\t\t\t<ul class=\"elementor-icon-list-items\">\n\t\t\t\t\t\t\t<li class=\"elementor-icon-list-item\">\n\t\t\t\t\t\t\t\t\t\t\t<span class=\"elementor-icon-list-icon\">\n\t\t\t\t\t\t\t<i aria-hidden=\"true\" class=\"fas fa-check\"><\/i>\t\t\t\t\t\t<\/span>\n\t\t\t\t\t\t\t\t\t\t<span class=\"elementor-icon-list-text\">VitalBody 3 en 1 activ\u00e9 en double gratuit apr\u00e8s la vente cumulative de 5 ensembles VitalBody identiques et cela, sans aucune limite de temps pour atteindre cet objectif.<\/span>\n\t\t\t\t\t\t\t\t\t<\/li>\n\t\t\t\t\t\t<\/ul>\n\t\t\t\t\t\t<\/div>\n\t\t\t\t<\/div>\n\t\t\t\t<\/div>\n\t\t\t\t\t<\/div>\n\t\t\t\t<\/div>\n\t\t<div class=\"wd-negative-gap elementor-element elementor-element-55a9482 e-flex e-con-boxed e-con e-parent\" data-id=\"55a9482\" data-element_type=\"container\" data-e-type=\"container\">\n\t\t\t\t\t<div class=\"e-con-inner\">\n\t\t\t\t<div class=\"elementor-element elementor-element-7af8c1c color-scheme-inherit text-left elementor-widget elementor-widget-text-editor\" data-id=\"7af8c1c\" data-element_type=\"widget\" data-e-type=\"widget\" data-widget_type=\"text-editor.default\">\n\t\t\t\t<div class=\"elementor-widget-container\">\n\t\t\t\t\t\t\t\t\t<p>Suite \u00e0 l\u2019obtention d\u2019une prime de vente multiple, VITALAXION offre la possibilit\u00e9 de devenir revendeur avec tous les avantages exclusifs que cela comporte incluant l\u2019acc\u00e8s \u00e0 une liste de prix r\u00e9duits. <strong>De plus, l\u2019achat group\u00e9 d\u2019un minimum de 4 ensembles VitalBody permet un acc\u00e8s imm\u00e9diat au prix de gros et \u00e0 la possibilit\u00e9 de devenir revendeur spontan\u00e9ment.<\/strong><\/p>\t\t\t\t\t\t\t\t<\/div>\n\t\t\t\t<\/div>\n\t\t\t\t<div class=\"elementor-element elementor-element-43c7e8d color-scheme-inherit text-left elementor-widget elementor-widget-text-editor\" data-id=\"43c7e8d\" data-element_type=\"widget\" data-e-type=\"widget\" data-widget_type=\"text-editor.default\">\n\t\t\t\t<div class=\"elementor-widget-container\">\n\t\t\t\t\t\t\t\t\t<p><strong><a href=\"https:\/\/vitalaxion.com\/fr\/contacter\/\">Communiquez avec nous<\/a> pour plus d\u2019informations.<\/strong><\/p>\t\t\t\t\t\t\t\t<\/div>\n\t\t\t\t<\/div>\n\t\t\t\t\t<\/div>\n\t\t\t\t<\/div>\n\t\t<div class=\"wd-negative-gap elementor-element elementor-element-6765c04 e-flex e-con-boxed e-con e-parent\" data-id=\"6765c04\" data-element_type=\"container\" data-e-type=\"container\">\n\t\t\t\t\t<div class=\"e-con-inner\">\n\t\t\t\t<div class=\"elementor-element elementor-element-111d2ea elementor-widget elementor-widget-image\" data-id=\"111d2ea\" data-element_type=\"widget\" data-e-type=\"widget\" data-widget_type=\"image.default\">\n\t\t\t\t<div class=\"elementor-widget-container\">\n\t\t\t\t\t\t\t\t\t\t\t\t\t\t\t<img decoding=\"async\" width=\"1536\" height=\"738\" src=\"https:\/\/vitalaxion.com\/fr\/wp-content\/uploads\/2025\/12\/Vitalaxion_Promotion_FR-1536x738-1.jpg\" class=\"attachment-full size-full wp-image-61023\" alt=\"\" srcset=\"https:\/\/vitalaxion.com\/fr\/wp-content\/uploads\/2025\/12\/Vitalaxion_Promotion_FR-1536x738-1.jpg 1536w, https:\/\/vitalaxion.com\/fr\/wp-content\/uploads\/2025\/12\/Vitalaxion_Promotion_FR-1536x738-1-150x72.jpg 150w, https:\/\/vitalaxion.com\/fr\/wp-content\/uploads\/2025\/12\/Vitalaxion_Promotion_FR-1536x738-1-600x288.jpg 600w, https:\/\/vitalaxion.com\/fr\/wp-content\/uploads\/2025\/12\/Vitalaxion_Promotion_FR-1536x738-1-300x144.jpg 300w, https:\/\/vitalaxion.com\/fr\/wp-content\/uploads\/2025\/12\/Vitalaxion_Promotion_FR-1536x738-1-1024x492.jpg 1024w, https:\/\/vitalaxion.com\/fr\/wp-content\/uploads\/2025\/12\/Vitalaxion_Promotion_FR-1536x738-1-768x369.jpg 768w\" sizes=\"(max-width: 1536px) 100vw, 1536px\" title=\"\">\t\t\t\t\t\t\t\t\t\t\t\t\t\t\t<\/div>\n\t\t\t\t<\/div>\n\t\t\t\t\t<\/div>\n\t\t\t\t<\/div>\n\t\t\t\t<section class=\"wd-negative-gap elementor-section elementor-top-section elementor-element elementor-element-f674a8d see-next elementor-section-boxed elementor-section-height-default elementor-section-height-default\" data-id=\"f674a8d\" data-element_type=\"section\" data-e-type=\"section\" data-settings=\"{&quot;background_background&quot;:&quot;classic&quot;}\">\n\t\t\t\t\t\t<div class=\"elementor-container elementor-column-gap-default\">\n\t\t\t\t\t<div class=\"elementor-column elementor-col-100 elementor-top-column elementor-element elementor-element-38b2377\" data-id=\"38b2377\" data-element_type=\"column\" data-e-type=\"column\">\n\t\t\t<div class=\"elementor-widget-wrap elementor-element-populated\">\n\t\t\t\t<div class=\"wd-negative-gap elementor-element elementor-element-a6c28cd e-flex e-con-boxed e-con e-parent\" data-id=\"a6c28cd\" data-element_type=\"container\" data-e-type=\"container\">\n\t\t\t\t\t<div class=\"e-con-inner\">\n\t\t\t\t<div class=\"elementor-element elementor-element-3359055 elementor-align-center btn-1 elementor-widget elementor-widget-button\" data-id=\"3359055\" data-element_type=\"widget\" data-e-type=\"widget\" data-widget_type=\"button.default\">\n\t\t\t\t<div class=\"elementor-widget-container\">\n\t\t\t\t\t\t\t\t\t<div class=\"elementor-button-wrapper\">\n\t\t\t\t\t<a class=\"elementor-button elementor-button-link elementor-size-lg\" href=\"https:\/\/vitalaxion.com\/fr\/a-propos\/comment-devenir-representante\/\">\n\t\t\t\t\t\t<span class=\"elementor-button-content-wrapper\">\n\t\t\t\t\t\t<span class=\"elementor-button-icon\">\n\t\t\t\t<i aria-hidden=\"true\" class=\"icon icon-open-book\"><\/i>\t\t\t<\/span>\n\t\t\t\t\t\t\t\t\t<span class=\"elementor-button-text\">VOIR LA SECTION SUIVANTE<\/span>\n\t\t\t\t\t<\/span>\n\t\t\t\t\t<\/a>\n\t\t\t\t<\/div>\n\t\t\t\t\t\t\t\t<\/div>\n\t\t\t\t<\/div>\n\t\t\t\t\t<\/div>\n\t\t\t\t<\/div>\n\t\t\t\t\t<\/div>\n\t\t<\/div>\n\t\t\t\t\t<\/div>\n\t\t<\/section>\n\t\t\t\t<\/div>\n\t\t","protected":false},"excerpt":{"rendered":"<p>Remises Promotionnelles Afin de r\u00e9compenser et d\u2019encourager la publicit\u00e9 bouche-\u00e0-oreille, VITALAXION offre des primes \u00e0 tous ses usagers contribuant \u00e0<\/p>\n","protected":false},"author":64,"featured_media":0,"parent":41067,"menu_order":0,"comment_status":"closed","ping_status":"closed","template":"elementor_header_footer","meta":{"_acf_changed":false,"footnotes":""},"class_list":["post-47838","page","type-page","status-publish","hentry"],"acf":[],"_links":{"self":[{"href":"https:\/\/vitalaxion.com\/fr\/wp-json\/wp\/v2\/pages\/47838","targetHints":{"allow":["GET"]}}],"collection":[{"href":"https:\/\/vitalaxion.com\/fr\/wp-json\/wp\/v2\/pages"}],"about":[{"href":"https:\/\/vitalaxion.com\/fr\/wp-json\/wp\/v2\/types\/page"}],"author":[{"embeddable":true,"href":"https:\/\/vitalaxion.com\/fr\/wp-json\/wp\/v2\/users\/64"}],"replies":[{"embeddable":true,"href":"https:\/\/vitalaxion.com\/fr\/wp-json\/wp\/v2\/comments?post=47838"}],"version-history":[{"count":0,"href":"https:\/\/vitalaxion.com\/fr\/wp-json\/wp\/v2\/pages\/47838\/revisions"}],"up":[{"embeddable":true,"href":"https:\/\/vitalaxion.com\/fr\/wp-json\/wp\/v2\/pages\/41067"}],"wp:attachment":[{"href":"https:\/\/vitalaxion.com\/fr\/wp-json\/wp\/v2\/media?parent=47838"}],"curies":[{"name":"wp","href":"https:\/\/api.w.org\/{rel}","templated":true}]}}