{"id":47836,"date":"2023-03-09T11:44:45","date_gmt":"2023-03-09T16:44:45","guid":{"rendered":"https:\/\/amisun.biz\/cient\/vitalaxion\/fr\/?page_id=47836"},"modified":"2025-12-29T07:02:28","modified_gmt":"2025-12-29T12:02:28","slug":"comment-devenir-representante","status":"publish","type":"page","link":"https:\/\/vitalaxion.com\/fr\/a-propos\/comment-devenir-representante\/","title":{"rendered":"COMMENT DEVENIR REPR\u00c9SENTANT(E) ?"},"content":{"rendered":"\t\t<div data-elementor-type=\"wp-page\" data-elementor-id=\"47836\" class=\"elementor elementor-47836\" data-elementor-post-type=\"page\">\n\t\t\t\t<div class=\"wd-negative-gap elementor-element elementor-element-0965404 e-flex e-con-boxed e-con e-parent\" data-id=\"0965404\" data-element_type=\"container\" data-e-type=\"container\">\n\t\t\t\t\t<div class=\"e-con-inner\">\n\t\t<div class=\"elementor-element elementor-element-f396439 e-con-full e-flex e-con e-child\" data-id=\"f396439\" data-element_type=\"container\" data-e-type=\"container\">\n\t\t\t\t<div class=\"elementor-element elementor-element-d7021a5 elementor-widget elementor-widget-heading\" data-id=\"d7021a5\" data-element_type=\"widget\" data-e-type=\"widget\" data-widget_type=\"heading.default\">\n\t\t\t\t<div class=\"elementor-widget-container\">\n\t\t\t\t\t<h1 class=\"elementor-heading-title elementor-size-default\">DISTRIBUTEURS RECHERCH\u00c9S<\/h1>\t\t\t\t<\/div>\n\t\t\t\t<\/div>\n\t\t\t\t<div class=\"elementor-element elementor-element-2291ea0 color-scheme-inherit text-left elementor-widget elementor-widget-text-editor\" data-id=\"2291ea0\" data-element_type=\"widget\" data-e-type=\"widget\" data-widget_type=\"text-editor.default\">\n\t\t\t\t<div class=\"elementor-widget-container\">\n\t\t\t\t\t\t\t\t\t<p>VITALAXION a besoin d\u2019aide afin de promouvoir ses produits dans vos r\u00e9gions respectives. Nous d\u00e9sirons recruter des usagers passionn\u00e9s et d\u00e9sireux de contribuer au bien-\u00eatre d\u2019autrui \u00e0 l\u2019aide de nos bienfaisantes technologies. Nous recherchons des gens comp\u00e9tents dans le milieu de la vente, de la commercialisation et de la repr\u00e9sentation locale, r\u00e9gionale ou internationale. Que ce soit \u00e0 l\u2019aide de notre lien d\u2019affiliation, par vos r\u00e9seaux sociaux, par des \u00e9v\u00e9nements participatifs ou par des interactions de type bouche-\u00e0-oreille, votre participation est la bienvenue.<\/p>\t\t\t\t\t\t\t\t<\/div>\n\t\t\t\t<\/div>\n\t\t\t\t<\/div>\n\t\t<div class=\"elementor-element elementor-element-71d9570 e-con-full e-flex e-con e-child\" data-id=\"71d9570\" data-element_type=\"container\" data-e-type=\"container\">\n\t\t\t\t<div class=\"elementor-element elementor-element-fdb0ad5 elementor-widget elementor-widget-image\" data-id=\"fdb0ad5\" data-element_type=\"widget\" data-e-type=\"widget\" data-widget_type=\"image.default\">\n\t\t\t\t<div class=\"elementor-widget-container\">\n\t\t\t\t\t\t\t\t\t\t\t\t\t\t\t<img loading=\"lazy\" decoding=\"async\" width=\"600\" height=\"245\" src=\"https:\/\/vitalaxion.com\/fr\/wp-content\/uploads\/2025\/12\/20da93bd-0869-4fbc-80a1-369fde2a8543-600x245-1.png\" class=\"attachment-large size-large wp-image-61014\" alt=\"\" srcset=\"https:\/\/vitalaxion.com\/fr\/wp-content\/uploads\/2025\/12\/20da93bd-0869-4fbc-80a1-369fde2a8543-600x245-1.png 600w, https:\/\/vitalaxion.com\/fr\/wp-content\/uploads\/2025\/12\/20da93bd-0869-4fbc-80a1-369fde2a8543-600x245-1-150x61.png 150w, https:\/\/vitalaxion.com\/fr\/wp-content\/uploads\/2025\/12\/20da93bd-0869-4fbc-80a1-369fde2a8543-600x245-1-300x123.png 300w\" sizes=\"auto, (max-width: 600px) 100vw, 600px\" title=\"\">\t\t\t\t\t\t\t\t\t\t\t\t\t\t\t<\/div>\n\t\t\t\t<\/div>\n\t\t\t\t<\/div>\n\t\t\t\t\t<\/div>\n\t\t\t\t<\/div>\n\t\t<div class=\"wd-negative-gap elementor-element elementor-element-d633bcd e-flex e-con-boxed e-con e-parent\" data-id=\"d633bcd\" data-element_type=\"container\" data-e-type=\"container\">\n\t\t\t\t\t<div class=\"e-con-inner\">\n\t\t<div class=\"elementor-element elementor-element-e480fab e-con-full e-flex e-con e-child\" data-id=\"e480fab\" data-element_type=\"container\" data-e-type=\"container\">\n\t\t\t\t<div class=\"elementor-element elementor-element-b94dc51 elementor-widget elementor-widget-image\" data-id=\"b94dc51\" data-element_type=\"widget\" data-e-type=\"widget\" data-widget_type=\"image.default\">\n\t\t\t\t<div class=\"elementor-widget-container\">\n\t\t\t\t\t\t\t\t\t\t\t\t\t\t\t<img loading=\"lazy\" decoding=\"async\" width=\"1024\" height=\"684\" src=\"https:\/\/vitalaxion.com\/fr\/wp-content\/uploads\/2025\/12\/norton-shake-1024x684-1.webp\" class=\"attachment-large size-large wp-image-61015\" alt=\"\" srcset=\"https:\/\/vitalaxion.com\/fr\/wp-content\/uploads\/2025\/12\/norton-shake-1024x684-1.webp 1024w, https:\/\/vitalaxion.com\/fr\/wp-content\/uploads\/2025\/12\/norton-shake-1024x684-1-150x100.webp 150w, https:\/\/vitalaxion.com\/fr\/wp-content\/uploads\/2025\/12\/norton-shake-1024x684-1-600x401.webp 600w, https:\/\/vitalaxion.com\/fr\/wp-content\/uploads\/2025\/12\/norton-shake-1024x684-1-300x200.webp 300w, https:\/\/vitalaxion.com\/fr\/wp-content\/uploads\/2025\/12\/norton-shake-1024x684-1-768x513.webp 768w\" sizes=\"auto, (max-width: 1024px) 100vw, 1024px\" title=\"\">\t\t\t\t\t\t\t\t\t\t\t\t\t\t\t<\/div>\n\t\t\t\t<\/div>\n\t\t\t\t<\/div>\n\t\t<div class=\"elementor-element elementor-element-21dabcf e-con-full e-flex e-con e-child\" data-id=\"21dabcf\" data-element_type=\"container\" data-e-type=\"container\">\n\t\t\t\t<div class=\"elementor-element elementor-element-c4d0beb elementor-widget elementor-widget-heading\" data-id=\"c4d0beb\" data-element_type=\"widget\" data-e-type=\"widget\" data-widget_type=\"heading.default\">\n\t\t\t\t<div class=\"elementor-widget-container\">\n\t\t\t\t\t<h3 class=\"elementor-heading-title elementor-size-default\">NOUS FOURNISSONS<\/h3>\t\t\t\t<\/div>\n\t\t\t\t<\/div>\n\t\t\t\t<div class=\"elementor-element elementor-element-a3e9bc8 elementor-icon-list--layout-traditional elementor-list-item-link-full_width elementor-widget elementor-widget-icon-list\" data-id=\"a3e9bc8\" data-element_type=\"widget\" data-e-type=\"widget\" data-widget_type=\"icon-list.default\">\n\t\t\t\t<div class=\"elementor-widget-container\">\n\t\t\t\t\t\t\t<ul class=\"elementor-icon-list-items\">\n\t\t\t\t\t\t\t<li class=\"elementor-icon-list-item\">\n\t\t\t\t\t\t\t\t\t\t\t<span class=\"elementor-icon-list-icon\">\n\t\t\t\t\t\t\t<i aria-hidden=\"true\" class=\"fas fa-check\"><\/i>\t\t\t\t\t\t<\/span>\n\t\t\t\t\t\t\t\t\t\t<span class=\"elementor-icon-list-text\">Lien d\u2019affiliation URL unique et personnalis\u00e9<\/span>\n\t\t\t\t\t\t\t\t\t<\/li>\n\t\t\t\t\t\t\t\t<li class=\"elementor-icon-list-item\">\n\t\t\t\t\t\t\t\t\t\t\t<span class=\"elementor-icon-list-icon\">\n\t\t\t\t\t\t\t<i aria-hidden=\"true\" class=\"fas fa-check\"><\/i>\t\t\t\t\t\t<\/span>\n\t\t\t\t\t\t\t\t\t\t<span class=\"elementor-icon-list-text\">Marge de profit d\u2019environ 10% \u00e0 20%<\/span>\n\t\t\t\t\t\t\t\t\t<\/li>\n\t\t\t\t\t\t\t\t<li class=\"elementor-icon-list-item\">\n\t\t\t\t\t\t\t\t\t\t\t<span class=\"elementor-icon-list-icon\">\n\t\t\t\t\t\t\t<i aria-hidden=\"true\" class=\"fas fa-check\"><\/i>\t\t\t\t\t\t<\/span>\n\t\t\t\t\t\t\t\t\t\t<span class=\"elementor-icon-list-text\">Code promotionnel exclusif si d\u00e9sir\u00e9<\/span>\n\t\t\t\t\t\t\t\t\t<\/li>\n\t\t\t\t\t\t\t\t<li class=\"elementor-icon-list-item\">\n\t\t\t\t\t\t\t\t\t\t\t<span class=\"elementor-icon-list-icon\">\n\t\t\t\t\t\t\t<i aria-hidden=\"true\" class=\"fas fa-check\"><\/i>\t\t\t\t\t\t<\/span>\n\t\t\t\t\t\t\t\t\t\t<span class=\"elementor-icon-list-text\">Outils promotionnels num\u00e9riques<\/span>\n\t\t\t\t\t\t\t\t\t<\/li>\n\t\t\t\t\t\t\t\t<li class=\"elementor-icon-list-item\">\n\t\t\t\t\t\t\t\t\t\t\t<span class=\"elementor-icon-list-icon\">\n\t\t\t\t\t\t\t<i aria-hidden=\"true\" class=\"fas fa-check\"><\/i>\t\t\t\t\t\t<\/span>\n\t\t\t\t\t\t\t\t\t\t<span class=\"elementor-icon-list-text\">Soutien t\u00e9l\u00e9phonique ou par courriel<\/span>\n\t\t\t\t\t\t\t\t\t<\/li>\n\t\t\t\t\t\t\t\t<li class=\"elementor-icon-list-item\">\n\t\t\t\t\t\t\t\t\t\t\t<span class=\"elementor-icon-list-icon\">\n\t\t\t\t\t\t\t<i aria-hidden=\"true\" class=\"fas fa-check\"><\/i>\t\t\t\t\t\t<\/span>\n\t\t\t\t\t\t\t\t\t\t<span class=\"elementor-icon-list-text\">Formation individuelle selon les besoins<\/span>\n\t\t\t\t\t\t\t\t\t<\/li>\n\t\t\t\t\t\t\t\t<li class=\"elementor-icon-list-item\">\n\t\t\t\t\t\t\t\t\t\t\t<span class=\"elementor-icon-list-icon\">\n\t\t\t\t\t\t\t<i aria-hidden=\"true\" class=\"fas fa-check\"><\/i>\t\t\t\t\t\t<\/span>\n\t\t\t\t\t\t\t\t\t\t<span class=\"elementor-icon-list-text\">Garanties incluses sur les produits vendus<\/span>\n\t\t\t\t\t\t\t\t\t<\/li>\n\t\t\t\t\t\t\t\t<li class=\"elementor-icon-list-item\">\n\t\t\t\t\t\t\t\t\t\t\t<span class=\"elementor-icon-list-icon\">\n\t\t\t\t\t\t\t<i aria-hidden=\"true\" class=\"fas fa-check\"><\/i>\t\t\t\t\t\t<\/span>\n\t\t\t\t\t\t\t\t\t\t<span class=\"elementor-icon-list-text\">Possibilit\u00e9 d\u2019\u00e9tablir un contrat de distribution<\/span>\n\t\t\t\t\t\t\t\t\t<\/li>\n\t\t\t\t\t\t<\/ul>\n\t\t\t\t\t\t<\/div>\n\t\t\t\t<\/div>\n\t\t\t\t<\/div>\n\t\t\t\t\t<\/div>\n\t\t\t\t<\/div>\n\t\t<div class=\"wd-negative-gap elementor-element elementor-element-58c77fa e-flex e-con-boxed e-con e-parent\" data-id=\"58c77fa\" data-element_type=\"container\" data-e-type=\"container\">\n\t\t\t\t\t<div class=\"e-con-inner\">\n\t\t<div class=\"elementor-element elementor-element-4d21f0a e-con-full e-flex e-con e-child\" data-id=\"4d21f0a\" data-element_type=\"container\" data-e-type=\"container\">\n\t\t\t\t<div class=\"elementor-element elementor-element-7fdd6ed elementor-widget elementor-widget-heading\" data-id=\"7fdd6ed\" data-element_type=\"widget\" data-e-type=\"widget\" data-widget_type=\"heading.default\">\n\t\t\t\t<div class=\"elementor-widget-container\">\n\t\t\t\t\t<h3 class=\"elementor-heading-title elementor-size-default\">VOS OBLIGATIONS<\/h3>\t\t\t\t<\/div>\n\t\t\t\t<\/div>\n\t\t\t\t<div class=\"elementor-element elementor-element-5ab7b6d elementor-icon-list--layout-traditional elementor-list-item-link-full_width elementor-widget elementor-widget-icon-list\" data-id=\"5ab7b6d\" data-element_type=\"widget\" data-e-type=\"widget\" data-widget_type=\"icon-list.default\">\n\t\t\t\t<div class=\"elementor-widget-container\">\n\t\t\t\t\t\t\t<ul class=\"elementor-icon-list-items\">\n\t\t\t\t\t\t\t<li class=\"elementor-icon-list-item\">\n\t\t\t\t\t\t\t\t\t\t\t<span class=\"elementor-icon-list-icon\">\n\t\t\t\t\t\t\t<i aria-hidden=\"true\" class=\"fas fa-check\"><\/i>\t\t\t\t\t\t<\/span>\n\t\t\t\t\t\t\t\t\t\t<span class=\"elementor-icon-list-text\">Se procurer un appareil VitalBody 3 en 1<\/span>\n\t\t\t\t\t\t\t\t\t<\/li>\n\t\t\t\t\t\t\t\t<li class=\"elementor-icon-list-item\">\n\t\t\t\t\t\t\t\t\t\t\t<span class=\"elementor-icon-list-icon\">\n\t\t\t\t\t\t\t<i aria-hidden=\"true\" class=\"fas fa-check\"><\/i>\t\t\t\t\t\t<\/span>\n\t\t\t\t\t\t\t\t\t\t<span class=\"elementor-icon-list-text\">Acqu\u00e9rir une exp\u00e9rience d\u2019usage<\/span>\n\t\t\t\t\t\t\t\t\t<\/li>\n\t\t\t\t\t\t\t\t<li class=\"elementor-icon-list-item\">\n\t\t\t\t\t\t\t\t\t\t\t<span class=\"elementor-icon-list-icon\">\n\t\t\t\t\t\t\t<i aria-hidden=\"true\" class=\"fas fa-check\"><\/i>\t\t\t\t\t\t<\/span>\n\t\t\t\t\t\t\t\t\t\t<span class=\"elementor-icon-list-text\">Avoir \u00e0 c\u0153ur la cause du bien-\u00eatre<\/span>\n\t\t\t\t\t\t\t\t\t<\/li>\n\t\t\t\t\t\t\t\t<li class=\"elementor-icon-list-item\">\n\t\t\t\t\t\t\t\t\t\t\t<span class=\"elementor-icon-list-icon\">\n\t\t\t\t\t\t\t<i aria-hidden=\"true\" class=\"fas fa-check\"><\/i>\t\t\t\t\t\t<\/span>\n\t\t\t\t\t\t\t\t\t\t<span class=\"elementor-icon-list-text\">Offrir un service digne de notre compagnie<\/span>\n\t\t\t\t\t\t\t\t\t<\/li>\n\t\t\t\t\t\t\t\t<li class=\"elementor-icon-list-item\">\n\t\t\t\t\t\t\t\t\t\t\t<span class=\"elementor-icon-list-icon\">\n\t\t\t\t\t\t\t<i aria-hidden=\"true\" class=\"fas fa-check\"><\/i>\t\t\t\t\t\t<\/span>\n\t\t\t\t\t\t\t\t\t\t<span class=\"elementor-icon-list-text\">Maitriser les informations relatives \u00e0 nos produits<\/span>\n\t\t\t\t\t\t\t\t\t<\/li>\n\t\t\t\t\t\t\t\t<li class=\"elementor-icon-list-item\">\n\t\t\t\t\t\t\t\t\t\t\t<span class=\"elementor-icon-list-icon\">\n\t\t\t\t\t\t\t<i aria-hidden=\"true\" class=\"fas fa-check\"><\/i>\t\t\t\t\t\t<\/span>\n\t\t\t\t\t\t\t\t\t\t<span class=\"elementor-icon-list-text\">Honorer la propri\u00e9t\u00e9 intellectuelle<\/span>\n\t\t\t\t\t\t\t\t\t<\/li>\n\t\t\t\t\t\t\t\t<li class=\"elementor-icon-list-item\">\n\t\t\t\t\t\t\t\t\t\t\t<span class=\"elementor-icon-list-icon\">\n\t\t\t\t\t\t\t<i aria-hidden=\"true\" class=\"fas fa-check\"><\/i>\t\t\t\t\t\t<\/span>\n\t\t\t\t\t\t\t\t\t\t<span class=\"elementor-icon-list-text\">Respecter les prix de vente uniformis\u00e9s<\/span>\n\t\t\t\t\t\t\t\t\t<\/li>\n\t\t\t\t\t\t<\/ul>\n\t\t\t\t\t\t<\/div>\n\t\t\t\t<\/div>\n\t\t\t\t<\/div>\n\t\t<div class=\"elementor-element elementor-element-80ec4f4 e-con-full e-flex e-con e-child\" data-id=\"80ec4f4\" data-element_type=\"container\" data-e-type=\"container\">\n\t\t\t\t<div class=\"elementor-element elementor-element-ba704cc elementor-widget elementor-widget-image\" data-id=\"ba704cc\" data-element_type=\"widget\" data-e-type=\"widget\" data-widget_type=\"image.default\">\n\t\t\t\t<div class=\"elementor-widget-container\">\n\t\t\t\t\t\t\t\t\t\t\t\t\t\t\t<img loading=\"lazy\" decoding=\"async\" width=\"1024\" height=\"683\" src=\"https:\/\/vitalaxion.com\/fr\/wp-content\/uploads\/2025\/12\/Team-work-representant2-1-1024x683-1.jpg\" class=\"attachment-large size-large wp-image-61016\" alt=\"\" srcset=\"https:\/\/vitalaxion.com\/fr\/wp-content\/uploads\/2025\/12\/Team-work-representant2-1-1024x683-1.jpg 1024w, https:\/\/vitalaxion.com\/fr\/wp-content\/uploads\/2025\/12\/Team-work-representant2-1-1024x683-1-150x100.jpg 150w, https:\/\/vitalaxion.com\/fr\/wp-content\/uploads\/2025\/12\/Team-work-representant2-1-1024x683-1-600x400.jpg 600w, https:\/\/vitalaxion.com\/fr\/wp-content\/uploads\/2025\/12\/Team-work-representant2-1-1024x683-1-300x200.jpg 300w, https:\/\/vitalaxion.com\/fr\/wp-content\/uploads\/2025\/12\/Team-work-representant2-1-1024x683-1-768x512.jpg 768w\" sizes=\"auto, (max-width: 1024px) 100vw, 1024px\" title=\"\">\t\t\t\t\t\t\t\t\t\t\t\t\t\t\t<\/div>\n\t\t\t\t<\/div>\n\t\t\t\t<\/div>\n\t\t\t\t\t<\/div>\n\t\t\t\t<\/div>\n\t\t<div class=\"wd-negative-gap elementor-element elementor-element-8e7b893 e-flex e-con-boxed e-con e-parent\" data-id=\"8e7b893\" data-element_type=\"container\" data-e-type=\"container\">\n\t\t\t\t\t<div class=\"e-con-inner\">\n\t\t<div class=\"elementor-element elementor-element-e158ea5 e-con-full e-flex e-con e-child\" data-id=\"e158ea5\" data-element_type=\"container\" data-e-type=\"container\">\n\t\t\t\t<div class=\"elementor-element elementor-element-45af625 elementor-widget elementor-widget-image\" data-id=\"45af625\" data-element_type=\"widget\" data-e-type=\"widget\" data-widget_type=\"image.default\">\n\t\t\t\t<div class=\"elementor-widget-container\">\n\t\t\t\t\t\t\t\t\t\t\t\t\t\t\t<img loading=\"lazy\" decoding=\"async\" width=\"600\" height=\"428\" src=\"https:\/\/vitalaxion.com\/fr\/wp-content\/uploads\/2025\/12\/carlos-muza-hpjSkU2UYSU-unsplash-min-600x428-1.jpg\" class=\"attachment-large size-large wp-image-61017\" alt=\"\" srcset=\"https:\/\/vitalaxion.com\/fr\/wp-content\/uploads\/2025\/12\/carlos-muza-hpjSkU2UYSU-unsplash-min-600x428-1.jpg 600w, https:\/\/vitalaxion.com\/fr\/wp-content\/uploads\/2025\/12\/carlos-muza-hpjSkU2UYSU-unsplash-min-600x428-1-150x107.jpg 150w, https:\/\/vitalaxion.com\/fr\/wp-content\/uploads\/2025\/12\/carlos-muza-hpjSkU2UYSU-unsplash-min-600x428-1-300x214.jpg 300w\" sizes=\"auto, (max-width: 600px) 100vw, 600px\" title=\"\">\t\t\t\t\t\t\t\t\t\t\t\t\t\t\t<\/div>\n\t\t\t\t<\/div>\n\t\t\t\t<\/div>\n\t\t<div class=\"elementor-element elementor-element-dd18a4f e-con-full e-flex e-con e-child\" data-id=\"dd18a4f\" data-element_type=\"container\" data-e-type=\"container\">\n\t\t\t\t<div class=\"elementor-element elementor-element-fd19a4c elementor-widget elementor-widget-heading\" data-id=\"fd19a4c\" data-element_type=\"widget\" data-e-type=\"widget\" data-widget_type=\"heading.default\">\n\t\t\t\t<div class=\"elementor-widget-container\">\n\t\t\t\t\t<h3 class=\"elementor-heading-title elementor-size-default\">LIEN AFFILIATION<\/h3>\t\t\t\t<\/div>\n\t\t\t\t<\/div>\n\t\t\t\t<div class=\"elementor-element elementor-element-ccb0b5d color-scheme-inherit text-left elementor-widget elementor-widget-text-editor\" data-id=\"ccb0b5d\" data-element_type=\"widget\" data-e-type=\"widget\" data-widget_type=\"text-editor.default\">\n\t\t\t\t<div class=\"elementor-widget-container\">\n\t\t\t\t\t\t\t\t\t<p>Un lien d\u2019affiliation est une URL unique attribu\u00e9e \u00e0 un affili\u00e9 sp\u00e9cifique. Les liens d\u2019affiliation contiennent et enregistrent l\u2019ID ou le nom d\u2019utilisateur de l\u2019affili\u00e9, ce qui permet \u00e0 ce dernier d\u2019\u00eatre cr\u00e9dit\u00e9 pour le trafic envoy\u00e9 sur le site Web de l\u2019annonceur. Si un visiteur clique sur le lien d\u2019affiliation et effectue l\u2019action pour laquelle un annonceur paie une commission, l\u2019affili\u00e9 est pay\u00e9. Le marketing d\u2019affiliation est un moyen facile pour quiconque de commencer \u00e0 g\u00e9n\u00e9rer des revenus en ligne.<\/p>\t\t\t\t\t\t\t\t<\/div>\n\t\t\t\t<\/div>\n\t\t\t\t<\/div>\n\t\t\t\t\t<\/div>\n\t\t\t\t<\/div>\n\t\t<div class=\"wd-negative-gap elementor-element elementor-element-94e5d14 e-flex e-con-boxed e-con e-parent\" data-id=\"94e5d14\" data-element_type=\"container\" data-e-type=\"container\">\n\t\t\t\t\t<div class=\"e-con-inner\">\n\t\t<div class=\"elementor-element elementor-element-dc8d954 e-con-full e-flex e-con e-child\" data-id=\"dc8d954\" data-element_type=\"container\" data-e-type=\"container\">\n\t\t\t\t<div class=\"elementor-element elementor-element-4740a41 elementor-widget elementor-widget-heading\" data-id=\"4740a41\" data-element_type=\"widget\" data-e-type=\"widget\" data-widget_type=\"heading.default\">\n\t\t\t\t<div class=\"elementor-widget-container\">\n\t\t\t\t\t<h3 class=\"elementor-heading-title elementor-size-default\">COMMENT DEVENIR REPR\u00c9SENTANT(E) ?<\/h3>\t\t\t\t<\/div>\n\t\t\t\t<\/div>\n\t\t\t\t<div class=\"elementor-element elementor-element-b600785 color-scheme-inherit text-left elementor-widget elementor-widget-text-editor\" data-id=\"b600785\" data-element_type=\"widget\" data-e-type=\"widget\" data-widget_type=\"text-editor.default\">\n\t\t\t\t<div class=\"elementor-widget-container\">\n\t\t\t\t\t\t\t\t\t<p>Afin d\u2019acheter les appareils \u00e0 un prix r\u00e9duit pour la revente directe, il faut :<\/p><ol><li>Soit pr\u00e9alablement obtenir la prime de vente multiple suite \u00e0 la vente de 4 appareils par r\u00e9f\u00e9rencement. Voir la section REMISES PROMOTIONELLES pr\u00e9c\u00e9dente \u00e0 ce sujet.<\/li><li>Soit acheter un bloc initial de 4 appareils d\u2019un seul coup.<\/li><\/ol>\t\t\t\t\t\t\t\t<\/div>\n\t\t\t\t<\/div>\n\t\t\t\t<div class=\"elementor-element elementor-element-66df992 color-scheme-inherit text-left elementor-widget elementor-widget-text-editor\" data-id=\"66df992\" data-element_type=\"widget\" data-e-type=\"widget\" data-widget_type=\"text-editor.default\">\n\t\t\t\t<div class=\"elementor-widget-container\">\n\t\t\t\t\t\t\t\t\t<p><strong><a href=\"https:\/\/vitalaxion.com\/fr\/contacter\/\">Communiquez avec nous<\/a> pour plus d\u2019informations.<\/strong><\/p>\t\t\t\t\t\t\t\t<\/div>\n\t\t\t\t<\/div>\n\t\t\t\t<\/div>\n\t\t<div class=\"elementor-element elementor-element-12a9c38 e-con-full e-flex e-con e-child\" data-id=\"12a9c38\" data-element_type=\"container\" data-e-type=\"container\">\n\t\t\t\t<div class=\"elementor-element elementor-element-3f884a9 elementor-widget elementor-widget-image\" data-id=\"3f884a9\" data-element_type=\"widget\" data-e-type=\"widget\" data-widget_type=\"image.default\">\n\t\t\t\t<div class=\"elementor-widget-container\">\n\t\t\t\t\t\t\t\t\t\t\t\t\t\t\t<img loading=\"lazy\" decoding=\"async\" width=\"600\" height=\"423\" src=\"https:\/\/vitalaxion.com\/fr\/wp-content\/uploads\/2025\/12\/RESALE-DISCOUNT-PROGRAM-GUIDELINES1-min-600x423-1.png\" class=\"attachment-large size-large wp-image-61018\" alt=\"\" srcset=\"https:\/\/vitalaxion.com\/fr\/wp-content\/uploads\/2025\/12\/RESALE-DISCOUNT-PROGRAM-GUIDELINES1-min-600x423-1.png 600w, https:\/\/vitalaxion.com\/fr\/wp-content\/uploads\/2025\/12\/RESALE-DISCOUNT-PROGRAM-GUIDELINES1-min-600x423-1-150x106.png 150w, https:\/\/vitalaxion.com\/fr\/wp-content\/uploads\/2025\/12\/RESALE-DISCOUNT-PROGRAM-GUIDELINES1-min-600x423-1-300x212.png 300w\" sizes=\"auto, (max-width: 600px) 100vw, 600px\" title=\"\">\t\t\t\t\t\t\t\t\t\t\t\t\t\t\t<\/div>\n\t\t\t\t<\/div>\n\t\t\t\t<\/div>\n\t\t\t\t\t<\/div>\n\t\t\t\t<\/div>\n\t\t\t\t<\/div>\n\t\t","protected":false},"excerpt":{"rendered":"<p>DISTRIBUTEURS RECHERCH\u00c9S VITALAXION a besoin d\u2019aide afin de promouvoir ses produits dans vos r\u00e9gions respectives. Nous d\u00e9sirons recruter des usagers<\/p>\n","protected":false},"author":64,"featured_media":0,"parent":41067,"menu_order":0,"comment_status":"closed","ping_status":"closed","template":"elementor_header_footer","meta":{"_acf_changed":false,"footnotes":""},"class_list":["post-47836","page","type-page","status-publish","hentry"],"acf":[],"_links":{"self":[{"href":"https:\/\/vitalaxion.com\/fr\/wp-json\/wp\/v2\/pages\/47836","targetHints":{"allow":["GET"]}}],"collection":[{"href":"https:\/\/vitalaxion.com\/fr\/wp-json\/wp\/v2\/pages"}],"about":[{"href":"https:\/\/vitalaxion.com\/fr\/wp-json\/wp\/v2\/types\/page"}],"author":[{"embeddable":true,"href":"https:\/\/vitalaxion.com\/fr\/wp-json\/wp\/v2\/users\/64"}],"replies":[{"embeddable":true,"href":"https:\/\/vitalaxion.com\/fr\/wp-json\/wp\/v2\/comments?post=47836"}],"version-history":[{"count":0,"href":"https:\/\/vitalaxion.com\/fr\/wp-json\/wp\/v2\/pages\/47836\/revisions"}],"up":[{"embeddable":true,"href":"https:\/\/vitalaxion.com\/fr\/wp-json\/wp\/v2\/pages\/41067"}],"wp:attachment":[{"href":"https:\/\/vitalaxion.com\/fr\/wp-json\/wp\/v2\/media?parent=47836"}],"curies":[{"name":"wp","href":"https:\/\/api.w.org\/{rel}","templated":true}]}}