{"id":47818,"date":"2023-03-09T11:39:56","date_gmt":"2023-03-09T16:39:56","guid":{"rendered":"https:\/\/amisun.biz\/cient\/vitalaxion\/fr\/?page_id=47818"},"modified":"2026-01-03T08:33:00","modified_gmt":"2026-01-03T13:33:00","slug":"avis-aux-usagers","status":"publish","type":"page","link":"https:\/\/vitalaxion.com\/fr\/3-en-1-vitalbody\/avis-aux-usagers\/","title":{"rendered":"AVIS AUX USAGERS"},"content":{"rendered":"\t\t<div data-elementor-type=\"wp-page\" data-elementor-id=\"47818\" class=\"elementor elementor-47818\" data-elementor-post-type=\"page\">\n\t\t\t\t<div class=\"wd-negative-gap elementor-element elementor-element-c253493 new-conf title-sec e-flex e-con-boxed e-con e-parent\" data-id=\"c253493\" data-element_type=\"container\" data-e-type=\"container\">\n\t\t\t\t\t<div class=\"e-con-inner\">\n\t\t\t\t<div class=\"elementor-element elementor-element-e214b6a premium-floating-effects-yes color-5 elementor-widget elementor-widget-heading\" data-id=\"e214b6a\" data-element_type=\"widget\" data-e-type=\"widget\" data-settings=\"{&quot;premium_fe_translate_switcher&quot;:&quot;yes&quot;,&quot;premium_fe_Xtranslate&quot;:{&quot;unit&quot;:&quot;px&quot;,&quot;size&quot;:&quot;&quot;,&quot;sizes&quot;:{&quot;from&quot;:-4,&quot;to&quot;:-4}},&quot;premium_fe_Ytranslate&quot;:{&quot;unit&quot;:&quot;px&quot;,&quot;size&quot;:&quot;&quot;,&quot;sizes&quot;:{&quot;from&quot;:-19,&quot;to&quot;:16}},&quot;premium_fe_direction&quot;:&quot;normal&quot;,&quot;premium_fe_loop&quot;:&quot;number&quot;,&quot;premium_fe_loop_number&quot;:1,&quot;premium_fe_trigger&quot;:&quot;load&quot;,&quot;premium_fe_trans_duration&quot;:{&quot;unit&quot;:&quot;px&quot;,&quot;size&quot;:1000,&quot;sizes&quot;:[]},&quot;premium_fe_trans_delay&quot;:{&quot;unit&quot;:&quot;px&quot;,&quot;size&quot;:&quot;&quot;,&quot;sizes&quot;:[]},&quot;premium_fe_easing&quot;:&quot;easeInOutSine&quot;}\" data-widget_type=\"heading.default\">\n\t\t\t\t<div class=\"elementor-widget-container\">\n\t\t\t\t\t<h1 class=\"elementor-heading-title elementor-size-default\"><strong>AVIS AUX USAGERS<\/strong><\/h1>\t\t\t\t<\/div>\n\t\t\t\t<\/div>\n\t\t\t\t<div class=\"elementor-element elementor-element-abc4c95 elementor-widget elementor-widget-shortcode\" data-id=\"abc4c95\" data-element_type=\"widget\" data-e-type=\"widget\" data-widget_type=\"shortcode.default\">\n\t\t\t\t<div class=\"elementor-widget-container\">\n\t\t\t\t\t\t\t<div class=\"elementor-shortcode\">\t\t<div data-elementor-type=\"page\" data-elementor-id=\"61465\" class=\"elementor elementor-61465\" data-elementor-post-type=\"elementor_library\">\n\t\t\t\t<div class=\"wd-negative-gap elementor-element elementor-element-18408c32 title-sec about-us-pic e-flex e-con-boxed e-con e-parent\" data-id=\"18408c32\" data-element_type=\"container\" data-e-type=\"container\">\n\t\t\t\t\t<div class=\"e-con-inner\">\n\t\t\t\t<div class=\"elementor-element elementor-element-6045f52 elementor-widget elementor-widget-image\" data-id=\"6045f52\" data-element_type=\"widget\" data-e-type=\"widget\" data-widget_type=\"image.default\">\n\t\t\t\t<div class=\"elementor-widget-container\">\n\t\t\t\t\t\t\t\t\t\t\t\t\t\t\t<img loading=\"lazy\" decoding=\"async\" width=\"1181\" height=\"450\" src=\"https:\/\/vitalaxion.com\/fr\/wp-content\/uploads\/2026\/01\/Attention-avis-aux-usagers.jpg\" class=\"attachment-full size-full wp-image-61464\" alt=\"\" srcset=\"https:\/\/vitalaxion.com\/fr\/wp-content\/uploads\/2026\/01\/Attention-avis-aux-usagers.jpg 1181w, https:\/\/vitalaxion.com\/fr\/wp-content\/uploads\/2026\/01\/Attention-avis-aux-usagers-150x57.jpg 150w, https:\/\/vitalaxion.com\/fr\/wp-content\/uploads\/2026\/01\/Attention-avis-aux-usagers-600x229.jpg 600w, https:\/\/vitalaxion.com\/fr\/wp-content\/uploads\/2026\/01\/Attention-avis-aux-usagers-300x114.jpg 300w, https:\/\/vitalaxion.com\/fr\/wp-content\/uploads\/2026\/01\/Attention-avis-aux-usagers-1024x390.jpg 1024w, https:\/\/vitalaxion.com\/fr\/wp-content\/uploads\/2026\/01\/Attention-avis-aux-usagers-768x293.jpg 768w\" sizes=\"auto, (max-width: 1181px) 100vw, 1181px\" title=\"\">\t\t\t\t\t\t\t\t\t\t\t\t\t\t\t<\/div>\n\t\t\t\t<\/div>\n\t\t\t\t\t<\/div>\n\t\t\t\t<\/div>\n\t\t<div class=\"wd-negative-gap elementor-element elementor-element-51d3001f accorrd e-flex e-con-boxed e-con e-parent\" data-id=\"51d3001f\" data-element_type=\"container\" data-e-type=\"container\">\n\t\t\t\t\t<div class=\"e-con-inner\">\n\t\t\t\t<div class=\"elementor-element elementor-element-3b76d077 color-scheme-inherit text-left elementor-widget elementor-widget-text-editor\" data-id=\"3b76d077\" data-element_type=\"widget\" data-e-type=\"widget\" data-widget_type=\"text-editor.default\">\n\t\t\t\t<div class=\"elementor-widget-container\">\n\t\t\t\t\t\t\t\t\t<p>NOS PRODUITS TECHNOLOGIQUES NE SONT PAS CON\u00c7US POUR DIAGNOSTIQUER, TRAITER OU GU\u00c9RIR LES MALADIES. LES OUTILS PROPOS\u00c9S FACILITENT SEULEMENT LE RETOUR DES FONCTIONS NATURELLES DU CORPS ET DE SON \u00c9QUILIBRE BIO\u00c9NERG\u00c9TIQUE DANS LE BUT D\u2019AM\u00c9LIORER LE BIEN-\u00caTRE G\u00c9N\u00c9RAL. NOUS VOUS RECOMMANDONS DE TOUJOURS CONSULTER UN PROFESSIONNEL DE LA SANT\u00c9 AVANT D\u2019INCLURE TOUTE APPROCHE ALTERNATIVE \u00c0 VOTRE QUOTIDIEN OU DE MODIFIER L\u2019UTILISATION DE VOS ORDONNANCES M\u00c9DICALES.<\/p>\t\t\t\t\t\t\t\t<\/div>\n\t\t\t\t<\/div>\n\t\t\t\t<div class=\"elementor-element elementor-element-6474bbb1 color-scheme-inherit text-left elementor-widget elementor-widget-text-editor\" data-id=\"6474bbb1\" data-element_type=\"widget\" data-e-type=\"widget\" data-widget_type=\"text-editor.default\">\n\t\t\t\t<div class=\"elementor-widget-container\">\n\t\t\t\t\t\t\t\t\t<p>NOUS AVONS RECUEILLI CES INFORMATIONS GRAND PUBLIC \u00c0 TITRE DE R\u00c9F\u00c9RENCE SEULEMENT DANS LE BUT DE VOUS OFFRIR UNE BASE DE CONNAISSANCE SUPPL\u00c9MENTAIRE. VEUILLEZ FAIRE PREUVE DE DISCERNEMENT EN VALIDANT PAR VOUS-M\u00caME LES EFFETS INDUITS PAR CES APPROCHES HOLISTIQUES ALTERNATIVES ET NON M\u00c9DICALES N\u2019AYANT PAS \u00c9T\u00c9 \u00c9VALU\u00c9ES NI APPROUV\u00c9ES PAR LA FDA OU PAR SANT\u00c9 CANADA. AUCUNE INFORMATION CONTENUE DANS LE PR\u00c9SENT DOCUMENT N\u2019EST DESTIN\u00c9E \u00c0 FOURNIR OU REMPLACER DES CONSEILS M\u00c9DICAUX.<\/p>\t\t\t\t\t\t\t\t<\/div>\n\t\t\t\t<\/div>\n\t\t\t\t<div class=\"elementor-element elementor-element-85a6bc color-scheme-inherit text-left elementor-widget elementor-widget-text-editor\" data-id=\"85a6bc\" data-element_type=\"widget\" data-e-type=\"widget\" data-widget_type=\"text-editor.default\">\n\t\t\t\t<div class=\"elementor-widget-container\">\n\t\t\t\t\t\t\t\t\t<p>CONTRAIREMENT \u00c0 L\u2019APPROCHE M\u00c9DICALE ALLOPATHIQUE SP\u00c9CIFIQUE TRAITANT LES DIVERS SYMPT\u00d4MES CORPORELS PAR LA M\u00c9DICATION, NOUS PROPOSONS PLUT\u00d4T L\u2019ASSAINISSEMENT GLOBAL DU TERRAIN BIOLOGIQUE. CET ASSAINISSEMENT SE TRADUIT PAR L\u2019\u00c9LIMINATION D\u2019ACCUMULATIONS IND\u00c9SIRABLES QUI D\u00c9SORGANISENT L\u2019\u00c9QUILIBRE M\u00c9TABOLIQUE NATUREL ET L\u2019HOM\u00c9OSTASIE GLOBALE DU CORPS. LE MIEUX-\u00caTRE EST POUR NOUS UNE SIMPLE ABSENCE DE NUISANCES ET DE PERTURBATIONS M\u00c9TABOLIQUES COMME L\u2019EXC\u00c8S DE TOXINES CHIMIQUES, LE D\u00c9S\u00c9QUILIBRE ACIDO-BASIQUE, LES BLOCAGES \u00c9NERG\u00c9TIQUES ET LES SURCHARGES DE MICROORGANISMES PATHOG\u00c8NES. COMME TOUT ORGANISME VIVANT, LA SANT\u00c9 ET LA VITALIT\u00c9 AU NIVEAU CELLULAIRE N\u00c9CESSITENT DE BIEN S\u2019OXYG\u00c9NER, DE SE NOURRIR AD\u00c9QUATEMENT ET DE S\u2019HYDRATER SUFFISAMMENT AFIN D\u2019\u00c9VITER CERTAINES CARENCES FONDAMENTALES.<\/p>\t\t\t\t\t\t\t\t<\/div>\n\t\t\t\t<\/div>\n\t\t\t\t\t<\/div>\n\t\t\t\t<\/div>\n\t\t\t\t<\/div>\n\t\t<\/div>\n\t\t\t\t\t\t<\/div>\n\t\t\t\t<\/div>\n\t\t\t\t\t<\/div>\n\t\t\t\t<\/div>\n\t\t\t\t<\/div>\n\t\t","protected":false},"excerpt":{"rendered":"<p>AVIS AUX USAGERS<\/p>\n","protected":false},"author":64,"featured_media":0,"parent":42006,"menu_order":0,"comment_status":"closed","ping_status":"closed","template":"elementor_header_footer","meta":{"_acf_changed":false,"footnotes":""},"class_list":["post-47818","page","type-page","status-publish","hentry"],"acf":[],"_links":{"self":[{"href":"https:\/\/vitalaxion.com\/fr\/wp-json\/wp\/v2\/pages\/47818","targetHints":{"allow":["GET"]}}],"collection":[{"href":"https:\/\/vitalaxion.com\/fr\/wp-json\/wp\/v2\/pages"}],"about":[{"href":"https:\/\/vitalaxion.com\/fr\/wp-json\/wp\/v2\/types\/page"}],"author":[{"embeddable":true,"href":"https:\/\/vitalaxion.com\/fr\/wp-json\/wp\/v2\/users\/64"}],"replies":[{"embeddable":true,"href":"https:\/\/vitalaxion.com\/fr\/wp-json\/wp\/v2\/comments?post=47818"}],"version-history":[{"count":0,"href":"https:\/\/vitalaxion.com\/fr\/wp-json\/wp\/v2\/pages\/47818\/revisions"}],"up":[{"embeddable":true,"href":"https:\/\/vitalaxion.com\/fr\/wp-json\/wp\/v2\/pages\/42006"}],"wp:attachment":[{"href":"https:\/\/vitalaxion.com\/fr\/wp-json\/wp\/v2\/media?parent=47818"}],"curies":[{"name":"wp","href":"https:\/\/api.w.org\/{rel}","templated":true}]}}