{"id":47536,"date":"2023-03-08T14:38:18","date_gmt":"2023-03-08T19:38:18","guid":{"rendered":"https:\/\/amisun.biz\/cient\/vitalaxion\/fr\/?page_id=47536"},"modified":"2025-12-30T06:43:45","modified_gmt":"2025-12-30T11:43:45","slug":"les-questions-frequentes","status":"publish","type":"page","link":"https:\/\/vitalaxion.com\/fr\/3-en-1-vitalbody\/les-questions-frequentes\/","title":{"rendered":"LES QUESTIONS FR\u00c9QUENTES"},"content":{"rendered":"\t\t<div data-elementor-type=\"wp-page\" data-elementor-id=\"47536\" class=\"elementor elementor-47536\" data-elementor-post-type=\"page\">\n\t\t\t\t<div class=\"wd-negative-gap elementor-element elementor-element-c253493 new-conf title-sec e-flex e-con-boxed e-con e-parent\" data-id=\"c253493\" data-element_type=\"container\" data-e-type=\"container\">\n\t\t\t\t\t<div class=\"e-con-inner\">\n\t\t\t\t<div class=\"elementor-element elementor-element-886e710 premium-floating-effects-yes color-5 elementor-widget elementor-widget-heading\" data-id=\"886e710\" data-element_type=\"widget\" data-e-type=\"widget\" data-settings=\"{&quot;premium_fe_translate_switcher&quot;:&quot;yes&quot;,&quot;premium_fe_Xtranslate&quot;:{&quot;unit&quot;:&quot;px&quot;,&quot;size&quot;:&quot;&quot;,&quot;sizes&quot;:{&quot;from&quot;:-4,&quot;to&quot;:-4}},&quot;premium_fe_Ytranslate&quot;:{&quot;unit&quot;:&quot;px&quot;,&quot;size&quot;:&quot;&quot;,&quot;sizes&quot;:{&quot;from&quot;:-19,&quot;to&quot;:16}},&quot;premium_fe_direction&quot;:&quot;normal&quot;,&quot;premium_fe_loop&quot;:&quot;number&quot;,&quot;premium_fe_loop_number&quot;:1,&quot;premium_fe_trigger&quot;:&quot;load&quot;,&quot;premium_fe_trans_duration&quot;:{&quot;unit&quot;:&quot;px&quot;,&quot;size&quot;:1000,&quot;sizes&quot;:[]},&quot;premium_fe_trans_delay&quot;:{&quot;unit&quot;:&quot;px&quot;,&quot;size&quot;:&quot;&quot;,&quot;sizes&quot;:[]},&quot;premium_fe_easing&quot;:&quot;easeInOutSine&quot;}\" data-widget_type=\"heading.default\">\n\t\t\t\t<div class=\"elementor-widget-container\">\n\t\t\t\t\t<h1 class=\"elementor-heading-title elementor-size-default\"><strong>LES QUESTIONS FR\u00c9QUENTES<\/strong><\/h1>\t\t\t\t<\/div>\n\t\t\t\t<\/div>\n\t\t\t\t<div class=\"elementor-element elementor-element-abc4c95 elementor-widget elementor-widget-shortcode\" data-id=\"abc4c95\" data-element_type=\"widget\" data-e-type=\"widget\" data-widget_type=\"shortcode.default\">\n\t\t\t\t<div class=\"elementor-widget-container\">\n\t\t\t\t\t\t\t<div class=\"elementor-shortcode\">\t\t<div data-elementor-type=\"page\" data-elementor-id=\"61124\" class=\"elementor elementor-61124\" data-elementor-post-type=\"elementor_library\">\n\t\t\t\t<div class=\"wd-negative-gap elementor-element elementor-element-7b2d7727 title-sec about-us-pic e-flex e-con-boxed e-con e-parent\" data-id=\"7b2d7727\" data-element_type=\"container\" data-e-type=\"container\">\n\t\t\t\t\t<div class=\"e-con-inner\">\n\t\t\t\t<div class=\"elementor-element elementor-element-4d052fd4 elementor-widget elementor-widget-image\" data-id=\"4d052fd4\" data-element_type=\"widget\" data-e-type=\"widget\" data-widget_type=\"image.default\">\n\t\t\t\t<div class=\"elementor-widget-container\">\n\t\t\t\t\t\t\t\t\t\t\t\t\t\t\t<img loading=\"lazy\" decoding=\"async\" width=\"1375\" height=\"529\" src=\"https:\/\/vitalaxion.com\/fr\/wp-content\/uploads\/2025\/12\/FAQ_FR.jpg\" class=\"attachment-full size-full wp-image-61123\" alt=\"\" srcset=\"https:\/\/vitalaxion.com\/fr\/wp-content\/uploads\/2025\/12\/FAQ_FR.jpg 1375w, https:\/\/vitalaxion.com\/fr\/wp-content\/uploads\/2025\/12\/FAQ_FR-150x58.jpg 150w, https:\/\/vitalaxion.com\/fr\/wp-content\/uploads\/2025\/12\/FAQ_FR-600x231.jpg 600w, https:\/\/vitalaxion.com\/fr\/wp-content\/uploads\/2025\/12\/FAQ_FR-300x115.jpg 300w, https:\/\/vitalaxion.com\/fr\/wp-content\/uploads\/2025\/12\/FAQ_FR-1024x394.jpg 1024w, https:\/\/vitalaxion.com\/fr\/wp-content\/uploads\/2025\/12\/FAQ_FR-768x295.jpg 768w\" sizes=\"auto, (max-width: 1375px) 100vw, 1375px\" title=\"\">\t\t\t\t\t\t\t\t\t\t\t\t\t\t\t<\/div>\n\t\t\t\t<\/div>\n\t\t\t\t\t<\/div>\n\t\t\t\t<\/div>\n\t\t<div class=\"wd-negative-gap elementor-element elementor-element-5e4d2819 e-flex e-con-boxed e-con e-parent\" data-id=\"5e4d2819\" data-element_type=\"container\" data-e-type=\"container\">\n\t\t\t\t\t<div class=\"e-con-inner\">\n\t\t<div class=\"wd-negative-gap elementor-element elementor-element-559ed9c0 e-flex e-con-boxed e-con e-child\" data-id=\"559ed9c0\" data-element_type=\"container\" data-e-type=\"container\">\n\t\t\t\t\t<div class=\"e-con-inner\">\n\t\t\t\t<div class=\"elementor-element elementor-element-2c4e1162 elementor-widget elementor-widget-heading\" data-id=\"2c4e1162\" data-element_type=\"widget\" data-e-type=\"widget\" data-widget_type=\"heading.default\">\n\t\t\t\t<div class=\"elementor-widget-container\">\n\t\t\t\t\t<h3 class=\"elementor-heading-title elementor-size-default\">Peut-on faire une s\u00e9ance de bain ionique quotidiennement\u2009?<\/h3>\t\t\t\t<\/div>\n\t\t\t\t<\/div>\n\t\t\t\t<div class=\"elementor-element elementor-element-37d9c7aa color-scheme-inherit text-left elementor-widget elementor-widget-text-editor\" data-id=\"37d9c7aa\" data-element_type=\"widget\" data-e-type=\"widget\" data-widget_type=\"text-editor.default\">\n\t\t\t\t<div class=\"elementor-widget-container\">\n\t\t\t\t\t\t\t\t\t<p>Non, il n\u2019est pas recommand\u00e9 de faire le bain ionisant trop fr\u00e9quemment. Il est n\u00e9cessaire de laisser l\u2019organisme filtrer et \u00e9liminer ad\u00e9quatement les toxines avec une pause de deux \u00e0 trois jours entre chaque s\u00e9ance afin de trouver un nouvel \u00e9quilibre biologique.<\/p>\t\t\t\t\t\t\t\t<\/div>\n\t\t\t\t<\/div>\n\t\t\t\t\t<\/div>\n\t\t\t\t<\/div>\n\t\t<div class=\"wd-negative-gap elementor-element elementor-element-79bb4c3 e-flex e-con-boxed e-con e-child\" data-id=\"79bb4c3\" data-element_type=\"container\" data-e-type=\"container\">\n\t\t\t\t\t<div class=\"e-con-inner\">\n\t\t\t\t<div class=\"elementor-element elementor-element-4f76948a elementor-widget elementor-widget-heading\" data-id=\"4f76948a\" data-element_type=\"widget\" data-e-type=\"widget\" data-widget_type=\"heading.default\">\n\t\t\t\t<div class=\"elementor-widget-container\">\n\t\t\t\t\t<h3 class=\"elementor-heading-title elementor-size-default\">Pourquoi ajoute-t-on du sel de mer dans l\u2019eau du bassin\u2009?<\/h3>\t\t\t\t<\/div>\n\t\t\t\t<\/div>\n\t\t\t\t<div class=\"elementor-element elementor-element-5c3b6db4 color-scheme-inherit text-left elementor-widget elementor-widget-text-editor\" data-id=\"5c3b6db4\" data-element_type=\"widget\" data-e-type=\"widget\" data-widget_type=\"text-editor.default\">\n\t\t\t\t<div class=\"elementor-widget-container\">\n\t\t\t\t\t\t\t\t\t<p>Pour augmenter la conductivit\u00e9 \u00e9lectrique et ainsi faciliter le processus d\u2019hydrolyse de l\u2019eau n\u00e9cessaire pour produire les ions n\u00e9gatifs dans le bassin.<\/p>\t\t\t\t\t\t\t\t<\/div>\n\t\t\t\t<\/div>\n\t\t\t\t\t<\/div>\n\t\t\t\t<\/div>\n\t\t<div class=\"wd-negative-gap elementor-element elementor-element-4d9e67c9 e-flex e-con-boxed e-con e-child\" data-id=\"4d9e67c9\" data-element_type=\"container\" data-e-type=\"container\">\n\t\t\t\t\t<div class=\"e-con-inner\">\n\t\t\t\t<div class=\"elementor-element elementor-element-43dd87bb elementor-widget elementor-widget-heading\" data-id=\"43dd87bb\" data-element_type=\"widget\" data-e-type=\"widget\" data-widget_type=\"heading.default\">\n\t\t\t\t<div class=\"elementor-widget-container\">\n\t\t\t\t\t<h3 class=\"elementor-heading-title elementor-size-default\">Pourquoi utilise-t-on de l\u2019eau chaude lors d\u2019une s\u00e9ance\u2009?<\/h3>\t\t\t\t<\/div>\n\t\t\t\t<\/div>\n\t\t\t\t<div class=\"elementor-element elementor-element-57af8558 color-scheme-inherit text-left elementor-widget elementor-widget-text-editor\" data-id=\"57af8558\" data-element_type=\"widget\" data-e-type=\"widget\" data-widget_type=\"text-editor.default\">\n\t\t\t\t<div class=\"elementor-widget-container\">\n\t\t\t\t\t\t\t\t\t<p>L\u2019eau chaude dilate les pores de la peau, ce qui facilite l\u2019absorption des ions ainsi que l\u2019\u00e9vacuation des toxines du corps pendant la s\u00e9ance.<\/p>\t\t\t\t\t\t\t\t<\/div>\n\t\t\t\t<\/div>\n\t\t\t\t\t<\/div>\n\t\t\t\t<\/div>\n\t\t<div class=\"wd-negative-gap elementor-element elementor-element-4ec3c0fa e-flex e-con-boxed e-con e-child\" data-id=\"4ec3c0fa\" data-element_type=\"container\" data-e-type=\"container\">\n\t\t\t\t\t<div class=\"e-con-inner\">\n\t\t\t\t<div class=\"elementor-element elementor-element-6a7fe0b6 elementor-widget elementor-widget-heading\" data-id=\"6a7fe0b6\" data-element_type=\"widget\" data-e-type=\"widget\" data-widget_type=\"heading.default\">\n\t\t\t\t<div class=\"elementor-widget-container\">\n\t\t\t\t\t<h3 class=\"elementor-heading-title elementor-size-default\">Apr\u00e8s combien de s\u00e9ances les bienfaits peuvent-ils appara\u00eetre\u2009?<\/h3>\t\t\t\t<\/div>\n\t\t\t\t<\/div>\n\t\t\t\t<div class=\"elementor-element elementor-element-3c7567e8 color-scheme-inherit text-left elementor-widget elementor-widget-text-editor\" data-id=\"3c7567e8\" data-element_type=\"widget\" data-e-type=\"widget\" data-widget_type=\"text-editor.default\">\n\t\t\t\t<div class=\"elementor-widget-container\">\n\t\t\t\t\t\t\t\t\t<p>Divers facteurs affectent la rapidit\u00e9 et l\u2019intensit\u00e9 des effets b\u00e9n\u00e9fiques ressentis. Pour certains, les bienfaits seront tr\u00e8s rapides et pour d\u2019autres, ce sera beaucoup plus long.<\/p>\t\t\t\t\t\t\t\t<\/div>\n\t\t\t\t<\/div>\n\t\t\t\t\t<\/div>\n\t\t\t\t<\/div>\n\t\t<div class=\"wd-negative-gap elementor-element elementor-element-5ad0575a e-flex e-con-boxed e-con e-child\" data-id=\"5ad0575a\" data-element_type=\"container\" data-e-type=\"container\">\n\t\t\t\t\t<div class=\"e-con-inner\">\n\t\t\t\t<div class=\"elementor-element elementor-element-4d915ded elementor-widget elementor-widget-heading\" data-id=\"4d915ded\" data-element_type=\"widget\" data-e-type=\"widget\" data-widget_type=\"heading.default\">\n\t\t\t\t<div class=\"elementor-widget-container\">\n\t\t\t\t\t<h3 class=\"elementor-heading-title elementor-size-default\">Pourquoi est-ce que je ressens de l\u2019\u00e9lectricit\u00e9 et des d\u00e9mangeaisons dans l\u2019eau du bassin\u2009?<\/h3>\t\t\t\t<\/div>\n\t\t\t\t<\/div>\n\t\t\t\t<div class=\"elementor-element elementor-element-76855d6f color-scheme-inherit text-left elementor-widget elementor-widget-text-editor\" data-id=\"76855d6f\" data-element_type=\"widget\" data-e-type=\"widget\" data-widget_type=\"text-editor.default\">\n\t\t\t\t<div class=\"elementor-widget-container\">\n\t\t\t\t\t\t\t\t\t<p>Pendant l\u2019hydrolyse de l\u2019eau, le passage d\u2019un faible courant \u00e9lectrique \u00e0 l\u2019int\u00e9rieur de la cartouche ionisante peut provoquer une sensation de picotement de la peau, surtout au niveau des points d\u2019acupuncture reli\u00e9s \u00e0 des m\u00e9ridiens \u00e9nerg\u00e9tiquement d\u00e9s\u00e9quilibr\u00e9s. De plus, les usagers ayant un corps tr\u00e8s acidifi\u00e9 seront plus aptes \u00e0 exp\u00e9rimenter d\u2019intenses d\u00e9mangeaisons cutan\u00e9es pendant la s\u00e9ance ou des sensations \u00e9lectriques d\u00e9sagr\u00e9ables, mais inoffensives.<\/p>\t\t\t\t\t\t\t\t<\/div>\n\t\t\t\t<\/div>\n\t\t\t\t\t<\/div>\n\t\t\t\t<\/div>\n\t\t<div class=\"wd-negative-gap elementor-element elementor-element-7f9a359a e-flex e-con-boxed e-con e-child\" data-id=\"7f9a359a\" data-element_type=\"container\" data-e-type=\"container\">\n\t\t\t\t\t<div class=\"e-con-inner\">\n\t\t\t\t<div class=\"elementor-element elementor-element-1009a9ca elementor-widget elementor-widget-heading\" data-id=\"1009a9ca\" data-element_type=\"widget\" data-e-type=\"widget\" data-widget_type=\"heading.default\">\n\t\t\t\t<div class=\"elementor-widget-container\">\n\t\t\t\t\t<h3 class=\"elementor-heading-title elementor-size-default\">Y a-t-il un risque de d\u00e9charge \u00e9lectrique dangereuse pendant le bain ionique\u2009?<\/h3>\t\t\t\t<\/div>\n\t\t\t\t<\/div>\n\t\t\t\t<div class=\"elementor-element elementor-element-13b30b2a color-scheme-inherit text-left elementor-widget elementor-widget-text-editor\" data-id=\"13b30b2a\" data-element_type=\"widget\" data-e-type=\"widget\" data-widget_type=\"text-editor.default\">\n\t\t\t\t<div class=\"elementor-widget-container\">\n\t\t\t\t\t\t\t\t\t<p>Non. L\u2019appareil a une protection automatique qui interrompe la s\u00e9ance quand le niveau d\u2019\u00e9lectricit\u00e9 exc\u00e8de le niveau de s\u00e9curit\u00e9. De plus, il n\u2019y a pas de danger \u00e0 ce que les pieds ou les mains touchent le g\u00e9n\u00e9rateur d\u2019ions.<\/p>\t\t\t\t\t\t\t\t<\/div>\n\t\t\t\t<\/div>\n\t\t\t\t\t<\/div>\n\t\t\t\t<\/div>\n\t\t<div class=\"wd-negative-gap elementor-element elementor-element-44edea28 e-flex e-con-boxed e-con e-child\" data-id=\"44edea28\" data-element_type=\"container\" data-e-type=\"container\">\n\t\t\t\t\t<div class=\"e-con-inner\">\n\t\t\t\t<div class=\"elementor-element elementor-element-e53555f elementor-widget elementor-widget-heading\" data-id=\"e53555f\" data-element_type=\"widget\" data-e-type=\"widget\" data-widget_type=\"heading.default\">\n\t\t\t\t<div class=\"elementor-widget-container\">\n\t\t\t\t\t<h3 class=\"elementor-heading-title elementor-size-default\">Pourquoi certains usagers ont-ils des renflements aux pieds apr\u00e8s une s\u00e9ance\u2009?<\/h3>\t\t\t\t<\/div>\n\t\t\t\t<\/div>\n\t\t\t\t<div class=\"elementor-element elementor-element-5346c497 color-scheme-inherit text-left elementor-widget elementor-widget-text-editor\" data-id=\"5346c497\" data-element_type=\"widget\" data-e-type=\"widget\" data-widget_type=\"text-editor.default\">\n\t\t\t\t<div class=\"elementor-widget-container\">\n\t\t\t\t\t\t\t\t\t<p>Cela est fr\u00e9quent et caus\u00e9 par une accumulation des fluides lymphatiques, pr\u00e9alablement pr\u00e9sents et retenus dans les tissus. Il se dissipera dans les heures suivant la s\u00e9ance.<\/p>\t\t\t\t\t\t\t\t<\/div>\n\t\t\t\t<\/div>\n\t\t\t\t\t<\/div>\n\t\t\t\t<\/div>\n\t\t<div class=\"wd-negative-gap elementor-element elementor-element-7ab1e486 e-flex e-con-boxed e-con e-child\" data-id=\"7ab1e486\" data-element_type=\"container\" data-e-type=\"container\">\n\t\t\t\t\t<div class=\"e-con-inner\">\n\t\t\t\t<div class=\"elementor-element elementor-element-597ec875 elementor-widget elementor-widget-heading\" data-id=\"597ec875\" data-element_type=\"widget\" data-e-type=\"widget\" data-widget_type=\"heading.default\">\n\t\t\t\t<div class=\"elementor-widget-container\">\n\t\t\t\t\t<h3 class=\"elementor-heading-title elementor-size-default\">Est-ce qu\u2019il y a des effets esth\u00e9tiques \u00e0 cette m\u00e9thode de d\u00e9toxication\u2009?<\/h3>\t\t\t\t<\/div>\n\t\t\t\t<\/div>\n\t\t\t\t<div class=\"elementor-element elementor-element-75e9782d color-scheme-inherit text-left elementor-widget elementor-widget-text-editor\" data-id=\"75e9782d\" data-element_type=\"widget\" data-e-type=\"widget\" data-widget_type=\"text-editor.default\">\n\t\t\t\t<div class=\"elementor-widget-container\">\n\t\t\t\t\t\t\t\t\t<p>Les taches de vieillissement et les rides sont, entre autres, caus\u00e9es par une longue p\u00e9riode d\u2019accumulation de toxines et d\u2019acidit\u00e9 et une d\u00e9shydratation tissulaire. Des s\u00e9ances p\u00e9riodiques combin\u00e9es avec une bonne hydratation aident la peau \u00e0 retrouver son \u00e9clat, son \u00e9lasticit\u00e9 et sa texture naturelle. De plus, on remarque souvent une am\u00e9lioration de la cellulite apparente, un meilleur \u00e9clat dans les yeux et une repousse des cheveux perdus.<\/p>\t\t\t\t\t\t\t\t<\/div>\n\t\t\t\t<\/div>\n\t\t\t\t\t<\/div>\n\t\t\t\t<\/div>\n\t\t<div class=\"wd-negative-gap elementor-element elementor-element-72fd3996 e-flex e-con-boxed e-con e-child\" data-id=\"72fd3996\" data-element_type=\"container\" data-e-type=\"container\">\n\t\t\t\t\t<div class=\"e-con-inner\">\n\t\t\t\t<div class=\"elementor-element elementor-element-109126c0 elementor-widget elementor-widget-heading\" data-id=\"109126c0\" data-element_type=\"widget\" data-e-type=\"widget\" data-widget_type=\"heading.default\">\n\t\t\t\t<div class=\"elementor-widget-container\">\n\t\t\t\t\t<h3 class=\"elementor-heading-title elementor-size-default\">Pourquoi l\u2019eau change-t-elle de couleur m\u00eame s\u2019il n\u2019y a pas d\u2019utilisateur\u2009?<\/h3>\t\t\t\t<\/div>\n\t\t\t\t<\/div>\n\t\t\t\t<div class=\"elementor-element elementor-element-7c03b979 color-scheme-inherit text-left elementor-widget elementor-widget-text-editor\" data-id=\"7c03b979\" data-element_type=\"widget\" data-e-type=\"widget\" data-widget_type=\"text-editor.default\">\n\t\t\t\t<div class=\"elementor-widget-container\">\n\t\t\t\t\t\t\t\t\t<p>Les min\u00e9raux naturels de l\u2019eau, le sel ajout\u00e9 et le m\u00e9tal des \u00e9lectrodes du g\u00e9n\u00e9rateur s\u2019oxydent et se d\u00e9gradent pour former des impuret\u00e9s visibles dans le bassin. Ces particules inorganiques se rincent ais\u00e9ment tandis que les d\u00e9chets organiques \u00e9vacu\u00e9s par transpiration sont g\u00e9n\u00e9ralement plus graisseux et gluants.<\/p>\t\t\t\t\t\t\t\t<\/div>\n\t\t\t\t<\/div>\n\t\t\t\t\t<\/div>\n\t\t\t\t<\/div>\n\t\t<div class=\"wd-negative-gap elementor-element elementor-element-cc18bc1 e-flex e-con-boxed e-con e-child\" data-id=\"cc18bc1\" data-element_type=\"container\" data-e-type=\"container\">\n\t\t\t\t\t<div class=\"e-con-inner\">\n\t\t\t\t<div class=\"elementor-element elementor-element-26a17253 elementor-widget elementor-widget-heading\" data-id=\"26a17253\" data-element_type=\"widget\" data-e-type=\"widget\" data-widget_type=\"heading.default\">\n\t\t\t\t<div class=\"elementor-widget-container\">\n\t\t\t\t\t<h3 class=\"elementor-heading-title elementor-size-default\">Qu\u2019est-ce qu\u2019un ion n\u00e9gatif\u2009?<\/h3>\t\t\t\t<\/div>\n\t\t\t\t<\/div>\n\t\t\t\t<div class=\"elementor-element elementor-element-4b43a57e color-scheme-inherit text-left elementor-widget elementor-widget-text-editor\" data-id=\"4b43a57e\" data-element_type=\"widget\" data-e-type=\"widget\" data-widget_type=\"text-editor.default\">\n\t\t\t\t<div class=\"elementor-widget-container\">\n\t\t\t\t\t\t\t\t\t<p>Il existe deux types d\u2019ions. Ceux qui ont une charge \u00e9lectrique r\u00e9siduelle positive sont appel\u00e9s cations (+) et ceux avec une charge \u00e9lectrique r\u00e9siduelle n\u00e9gative sont appel\u00e9s anions (-). Ces derniers sont les plus recherch\u00e9s pour leur effet alcalinisant et antioxydant provoqu\u00e9 par leurs \u00e9lectrons libres.<\/p>\t\t\t\t\t\t\t\t<\/div>\n\t\t\t\t<\/div>\n\t\t\t\t\t<\/div>\n\t\t\t\t<\/div>\n\t\t<div class=\"wd-negative-gap elementor-element elementor-element-37082dd0 e-flex e-con-boxed e-con e-child\" data-id=\"37082dd0\" data-element_type=\"container\" data-e-type=\"container\">\n\t\t\t\t\t<div class=\"e-con-inner\">\n\t\t\t\t<div class=\"elementor-element elementor-element-653fc4cf elementor-widget elementor-widget-heading\" data-id=\"653fc4cf\" data-element_type=\"widget\" data-e-type=\"widget\" data-widget_type=\"heading.default\">\n\t\t\t\t<div class=\"elementor-widget-container\">\n\t\t\t\t\t<h3 class=\"elementor-heading-title elementor-size-default\">O\u00f9 trouve-t-on des ions n\u00e9gatifs\u2009?<\/h3>\t\t\t\t<\/div>\n\t\t\t\t<\/div>\n\t\t\t\t<div class=\"elementor-element elementor-element-81a4eea color-scheme-inherit text-left elementor-widget elementor-widget-text-editor\" data-id=\"81a4eea\" data-element_type=\"widget\" data-e-type=\"widget\" data-widget_type=\"text-editor.default\">\n\t\t\t\t<div class=\"elementor-widget-container\">\n\t\t\t\t\t\t\t\t\t<p>Partout dans la nature, mais tout particuli\u00e8rement dans la for\u00eat, en montagne, en bord de mer ou \u00e0 proximit\u00e9 d\u2019une cascade d\u2019eau et c\u2019est, entre autres, pourquoi on s\u2019y sent tellement bien.<\/p>\t\t\t\t\t\t\t\t<\/div>\n\t\t\t\t<\/div>\n\t\t\t\t\t<\/div>\n\t\t\t\t<\/div>\n\t\t<div class=\"wd-negative-gap elementor-element elementor-element-743ccd11 e-flex e-con-boxed e-con e-child\" data-id=\"743ccd11\" data-element_type=\"container\" data-e-type=\"container\">\n\t\t\t\t\t<div class=\"e-con-inner\">\n\t\t\t\t<div class=\"elementor-element elementor-element-577a4a87 elementor-widget elementor-widget-heading\" data-id=\"577a4a87\" data-element_type=\"widget\" data-e-type=\"widget\" data-widget_type=\"heading.default\">\n\t\t\t\t<div class=\"elementor-widget-container\">\n\t\t\t\t\t<h3 class=\"elementor-heading-title elementor-size-default\">Est-il normal de ne pas ressentir les fr\u00e9quences du Zapper\u2009?<\/h3>\t\t\t\t<\/div>\n\t\t\t\t<\/div>\n\t\t\t\t<div class=\"elementor-element elementor-element-3c41bf34 color-scheme-inherit text-left elementor-widget elementor-widget-text-editor\" data-id=\"3c41bf34\" data-element_type=\"widget\" data-e-type=\"widget\" data-widget_type=\"text-editor.default\">\n\t\t\t\t<div class=\"elementor-widget-container\">\n\t\t\t\t\t\t\t\t\t<p>Oui, ces fr\u00e9quences s\u2019adressent aux parasites et sont g\u00e9n\u00e9ralement imperceptibles pour la plupart des usagers. La fr\u00e9quence de 15\u00a0Hz est une exception, car son signal qui oscille plus lentement est plus facile \u00e0 d\u00e9tecter par le syst\u00e8me nerveux.<\/p>\t\t\t\t\t\t\t\t<\/div>\n\t\t\t\t<\/div>\n\t\t\t\t\t<\/div>\n\t\t\t\t<\/div>\n\t\t<div class=\"wd-negative-gap elementor-element elementor-element-3fd4bc0a e-flex e-con-boxed e-con e-child\" data-id=\"3fd4bc0a\" data-element_type=\"container\" data-e-type=\"container\">\n\t\t\t\t\t<div class=\"e-con-inner\">\n\t\t\t\t<div class=\"elementor-element elementor-element-2af18790 elementor-widget elementor-widget-heading\" data-id=\"2af18790\" data-element_type=\"widget\" data-e-type=\"widget\" data-widget_type=\"heading.default\">\n\t\t\t\t<div class=\"elementor-widget-container\">\n\t\t\t\t\t<h3 class=\"elementor-heading-title elementor-size-default\">Existe-t-il des effets secondaires graves ou permanents\u2009?<\/h3>\t\t\t\t<\/div>\n\t\t\t\t<\/div>\n\t\t\t\t<div class=\"elementor-element elementor-element-61384bc9 color-scheme-inherit text-left elementor-widget elementor-widget-text-editor\" data-id=\"61384bc9\" data-element_type=\"widget\" data-e-type=\"widget\" data-widget_type=\"text-editor.default\">\n\t\t\t\t<div class=\"elementor-widget-container\">\n\t\t\t\t\t\t\t\t\t<p>Non, ces technologies douces, non invasives et respectueuses agissent essentiellement au travers de la peau et ne produisent aucun effet secondaire n\u00e9faste permanent sur le corps. Ce processus est plut\u00f4t s\u00e9curitaire, relaxant et efficace.<\/p>\t\t\t\t\t\t\t\t<\/div>\n\t\t\t\t<\/div>\n\t\t\t\t\t<\/div>\n\t\t\t\t<\/div>\n\t\t<div class=\"wd-negative-gap elementor-element elementor-element-14821a05 e-flex e-con-boxed e-con e-child\" data-id=\"14821a05\" data-element_type=\"container\" data-e-type=\"container\">\n\t\t\t\t\t<div class=\"e-con-inner\">\n\t\t\t\t<div class=\"elementor-element elementor-element-775f6c0d elementor-widget elementor-widget-heading\" data-id=\"775f6c0d\" data-element_type=\"widget\" data-e-type=\"widget\" data-widget_type=\"heading.default\">\n\t\t\t\t<div class=\"elementor-widget-container\">\n\t\t\t\t\t<h3 class=\"elementor-heading-title elementor-size-default\">Existe-t-il des effets secondaires temporaires ou passagers\u2009?<\/h3>\t\t\t\t<\/div>\n\t\t\t\t<\/div>\n\t\t\t\t<div class=\"elementor-element elementor-element-167766ef color-scheme-inherit text-left elementor-widget elementor-widget-text-editor\" data-id=\"167766ef\" data-element_type=\"widget\" data-e-type=\"widget\" data-widget_type=\"text-editor.default\">\n\t\t\t\t<div class=\"elementor-widget-container\">\n\t\t\t\t\t\t\t\t\t<p>Voir la section suivante pour mieux r\u00e9pondre \u00e0 cette question.<\/p>\t\t\t\t\t\t\t\t<\/div>\n\t\t\t\t<\/div>\n\t\t\t\t\t<\/div>\n\t\t\t\t<\/div>\n\t\t\t\t\t<\/div>\n\t\t\t\t<\/div>\n\t\t\t\t<\/div>\n\t\t<\/div>\n\t\t\t\t\t\t<\/div>\n\t\t\t\t<\/div>\n\t\t\t\t\t<\/div>\n\t\t\t\t<\/div>\n\t\t\t\t<section class=\"wd-negative-gap elementor-section elementor-top-section elementor-element elementor-element-f327d28 see-next elementor-section-boxed elementor-section-height-default elementor-section-height-default\" data-id=\"f327d28\" data-element_type=\"section\" data-e-type=\"section\" data-settings=\"{&quot;background_background&quot;:&quot;classic&quot;}\">\n\t\t\t\t\t\t<div class=\"elementor-container elementor-column-gap-default\">\n\t\t\t\t\t<div class=\"elementor-column elementor-col-100 elementor-top-column elementor-element elementor-element-d51b94e\" data-id=\"d51b94e\" data-element_type=\"column\" data-e-type=\"column\">\n\t\t\t<div class=\"elementor-widget-wrap elementor-element-populated\">\n\t\t\t\t<div class=\"wd-negative-gap elementor-element elementor-element-d08923e e-flex e-con-boxed e-con e-parent\" data-id=\"d08923e\" data-element_type=\"container\" data-e-type=\"container\">\n\t\t\t\t\t<div class=\"e-con-inner\">\n\t\t\t\t<div class=\"elementor-element elementor-element-9b699f3 elementor-align-center btn-1 elementor-widget elementor-widget-button\" data-id=\"9b699f3\" data-element_type=\"widget\" data-e-type=\"widget\" data-widget_type=\"button.default\">\n\t\t\t\t<div class=\"elementor-widget-container\">\n\t\t\t\t\t\t\t\t\t<div class=\"elementor-button-wrapper\">\n\t\t\t\t\t<a class=\"elementor-button elementor-button-link elementor-size-lg\" href=\"https:\/\/vitalaxion.com\/fr\/3-en-1-vitalbody\/les-effets-secondaires\/\">\n\t\t\t\t\t\t<span class=\"elementor-button-content-wrapper\">\n\t\t\t\t\t\t<span class=\"elementor-button-icon\">\n\t\t\t\t<i aria-hidden=\"true\" class=\"icon icon-open-book\"><\/i>\t\t\t<\/span>\n\t\t\t\t\t\t\t\t\t<span class=\"elementor-button-text\">VOIR LA SECTION SUIVANTE<\/span>\n\t\t\t\t\t<\/span>\n\t\t\t\t\t<\/a>\n\t\t\t\t<\/div>\n\t\t\t\t\t\t\t\t<\/div>\n\t\t\t\t<\/div>\n\t\t\t\t\t<\/div>\n\t\t\t\t<\/div>\n\t\t\t\t\t<\/div>\n\t\t<\/div>\n\t\t\t\t\t<\/div>\n\t\t<\/section>\n\t\t\t\t<\/div>\n\t\t","protected":false},"excerpt":{"rendered":"<p>LES QUESTIONS FR\u00c9QUENTES VOIR LA SECTION SUIVANTE<\/p>\n","protected":false},"author":64,"featured_media":0,"parent":42006,"menu_order":0,"comment_status":"closed","ping_status":"closed","template":"elementor_header_footer","meta":{"_acf_changed":false,"footnotes":""},"class_list":["post-47536","page","type-page","status-publish","hentry"],"acf":[],"_links":{"self":[{"href":"https:\/\/vitalaxion.com\/fr\/wp-json\/wp\/v2\/pages\/47536","targetHints":{"allow":["GET"]}}],"collection":[{"href":"https:\/\/vitalaxion.com\/fr\/wp-json\/wp\/v2\/pages"}],"about":[{"href":"https:\/\/vitalaxion.com\/fr\/wp-json\/wp\/v2\/types\/page"}],"author":[{"embeddable":true,"href":"https:\/\/vitalaxion.com\/fr\/wp-json\/wp\/v2\/users\/64"}],"replies":[{"embeddable":true,"href":"https:\/\/vitalaxion.com\/fr\/wp-json\/wp\/v2\/comments?post=47536"}],"version-history":[{"count":0,"href":"https:\/\/vitalaxion.com\/fr\/wp-json\/wp\/v2\/pages\/47536\/revisions"}],"up":[{"embeddable":true,"href":"https:\/\/vitalaxion.com\/fr\/wp-json\/wp\/v2\/pages\/42006"}],"wp:attachment":[{"href":"https:\/\/vitalaxion.com\/fr\/wp-json\/wp\/v2\/media?parent=47536"}],"curies":[{"name":"wp","href":"https:\/\/api.w.org\/{rel}","templated":true}]}}